{"id":1575,"date":"2016-07-29T11:10:15","date_gmt":"2016-07-29T11:10:15","guid":{"rendered":"https:\/\/bellavistaenginyeria.com\/es\/politica-de-cookies\/"},"modified":"2018-11-27T10:31:01","modified_gmt":"2018-11-27T10:31:01","slug":"politica-de-cookies","status":"publish","type":"page","link":"https:\/\/bellavistaenginyeria.com\/es\/politica-de-cookies\/","title":{"rendered":"Pol\u00edtica de Cookies"},"content":{"rendered":"<p><strong><u>INTRODUCCI\u00d3N:<\/u><\/strong><\/p>\n<p>BELLAVISTA ENGINYERIA, S.L.P. (en adelante BELLAVISTA ENGINYERIA) informa acerca del uso de las cookies en &lt;<em>BELLAVISTAENGINYERIA.COM<\/em>&gt;.<\/p>\n<p>El acceso y la navegaci\u00f3n en &lt;<em>BELLAVISTAENGINYERIA.COM<\/em>&gt;, o el uso de los servicios del mismo, implican la aceptaci\u00f3n de las condiciones establecidas en nuestro Aviso Legal (y por tanto de la Pol\u00edtica de Privacidad y Pol\u00edtica de Cookies). Por favor, l\u00e9alas atentamente.<\/p>\n<p>Esta pol\u00edtica se revisa peri\u00f3dicamente para asegurar su vigencia, por lo que puede ser modificada. Le recomendamos que visite la p\u00e1gina con regularidad, donde le informaremos de cualquier actualizaci\u00f3n al respecto.<\/p>\n<p>Le informamos que BELLAVISTA ENGINYERIA utiliza para su correcto funcionamiento cookies que permiten conocer los movimientos realizados por usted durante su navegaci\u00f3n. BELLAVISTA ENGINYERIA es responsable de las cookies y del tratamiento de los datos obtenidos a trav\u00e9s de las cookies de terceros decidiendo sobre la finalidad, contenido y uso del tratamiento en relaci\u00f3n con la informaci\u00f3n recabada.<\/p>\n<p>En caso de que no acepte la utilizaci\u00f3n de cookies, le rogamos que configure el navegador web de tal forma que rechace la instalaci\u00f3n y\/o utilizaci\u00f3n de cookies en su equipo. No obstante, en caso de que la configuraci\u00f3n sea as\u00ed, le informamos de que no ser\u00e1 posible la correcta utilizaci\u00f3n del sitio web.<\/p>\n<p><strong><u>DEFINICI\u00d3N<\/u>: <\/strong><\/p>\n<p>Las cookies son peque\u00f1os archivos de datos que se reciben en el terminal desde el sitio web visitado y se usan para registrar ciertas interacciones de la navegaci\u00f3n en un sitio web almacenando datos que podr\u00e1n ser actualizados y recuperados. Estos archivos se almacenan en el ordenador del Usuario y contienen datos an\u00f3nimos que no son perjudiciales para su equipo. Se utilizan para recordar las preferencias del Usuario, como el idioma seleccionado, datos de acceso o personalizaci\u00f3n de la p\u00e1gina.<\/p>\n<p>Las cookies tambi\u00e9n pueden ser utilizadas para registrar informaci\u00f3n an\u00f3nima acerca de c\u00f3mo un visitante utiliza un sitio. Por ejemplo, desde qu\u00e9 p\u00e1gina web ha accedido o si ha utilizado un banner publicitario para llegar.<\/p>\n<p>Las cookies son esenciales para el funcionamiento de Internet; no pueden da\u00f1ar el equipo\/dispositivo del Usuario si se encuentran activadas en la configuraci\u00f3n del navegador.<\/p>\n<p>Ninguna cookie puede extraer informaci\u00f3n de un disco duro o robar informaci\u00f3n personal.<\/p>\n<p>&nbsp;<\/p>\n<p><strong><u>TIPOS DE COOKIES:<\/u><\/strong><\/p>\n<p><em>COOKIES DE SESI\u00d3N<\/em>: Las cookies de sesi\u00f3n son aquellas que duran el tiempo que el Usuario est\u00e1 navegando por el sitio web y se borran al t\u00e9rmino.<\/p>\n<p><em>COOKIES PERSISTENTES<\/em>: Estas cookies quedan almacenadas en el terminal del Usuario por un tiempo m\u00e1s largo, facilitando as\u00ed el control de las preferencias elegidas sin tener que repetir ciertos par\u00e1metros cada vez que se visite el sitio web.<\/p>\n<p><em>COOKIES PROPIAS<\/em>: Son cookies creadas por este sitio web y que solo puede leer el propio sitio. En <em>&lt;BELLAVISTAENGINYERIA.COM&gt;<\/em> se instalan cookies propias persistentes con las siguientes finalidades:<\/p>\n<ul>\n<li>T\u00e9cnicas: Estas cookies sirven para controlaran la carga de las im\u00e1genes que aparecen en la p\u00e1gina principal, en funci\u00f3n de los par\u00e1metros que se hayan programado (tiempo, n\u00famero de veces visto, etc&#8230;). Sirven adem\u00e1s para permitir el acceso a determinadas partes de la web y para ubicar al Usuario.<\/li>\n<li>Personalizaci\u00f3n: Estas cookies se utilizan para recordar la configuraci\u00f3n del tama\u00f1o seleccionado en la visualizaci\u00f3n de los contenidos web y poder mostrarlo en las pr\u00f3ximas visitas del Usuario.<\/li>\n<li>An\u00e1lisis: Cookies que permiten seguir el tr\u00e1fico entrante al sitio web para realizar estad\u00edsticas de visitas.<\/li>\n<\/ul>\n<p><em>COOKIES DE TERCEROS<\/em>: Son cookies creadas por terceros y que utilizamos para diferentes servicios (p.ej. an\u00e1lisis del sitio web o publicidad).<\/p>\n<p>A continuaci\u00f3n, se detallan tanto los terceros que pueden configurar y acceder a Cookies (no exentas de informaci\u00f3n y consentimiento) de su equipo como las finalidades con las que es utilizada la informaci\u00f3n que almacenan:<\/p>\n<p>COOKIES T\u00c9CNICAS (<em>Sirven para controlar el tr\u00e1fico y la comunicaci\u00f3n de datos utilizando para ello elementos de seguridad durante la navegaci\u00f3n. Tambi\u00e9n sirven para la identificaci\u00f3n y mantenimiento de la sesi\u00f3n del Usuario, para almacenar contenidos en la difusi\u00f3n de videos o sonidos y para compartir contenido con redes sociales (plug-in).<\/em>)<\/p>\n<ul>\n<li>TERCEROS: Google, YouTube, Facebook, Twitter, LinkedIn, UserVoice, Tealium.<\/li>\n<\/ul>\n<p>COOKIES DE PERSONALIZACI\u00d3N (<em>Estas cookies permiten al Usuario especificar o personalizar algunas caracter\u00edsticas de las opciones generales del sitio web. Por ejemplo, definir el idioma, el volumen seleccionado como preferido, la configuraci\u00f3n regional del servicio, el tipo de navegador o el n\u00famero de resultados mostrados por cada p\u00e1gina.<\/em>)<\/p>\n<ul>\n<li>TERCEROS: YouTube, Facebook.<\/li>\n<\/ul>\n<p>COOKIES ANAL\u00cdTICAS (<em>Herramienta de anal\u00edtica que ayuda a los sitios web a entender el modo en que los visitantes interact\u00faan con la web. Puede utilizar un conjunto de cookies para recopilar informaci\u00f3n e informar de las estad\u00edsticas de uso de los sitios web sin identificar personalmente a los visitantes.<\/em>)<\/p>\n<ul>\n<li>TERCEROS: Google Analytics, YouTube, Twitter, Adobe Analytics.<\/li>\n<\/ul>\n<p>COOKIES PUBLICITARIAS (<em>Las cookies publicitarias permiten la gesti\u00f3n de los espacios publicitarios de la web en base a criterios concretos. Por ejemplo, la frecuencia de acceso, el contenido editado, etc.<\/em>)<\/p>\n<ul>\n<li>TERCEROS: DoubleClick, Google, Criteo, Adgravity.<\/li>\n<\/ul>\n<p>COOKIES FLASH (<em>Tambi\u00e9n utilizamos cookies flash para almacenar sus preferencias como el control del volumen o para mostrar contenido bas\u00e1ndose en lo que consulta en nuestro sitio web para personalizar la visita. Terceras empresas, con las que colaboramos para proporcionar determinadas caracter\u00edsticas en nuestro sitio web, utilizan cookies flash para recopilar y almacenar datos de car\u00e1cter no personal. Las cookies flash son diferentes a las cookies de sesi\u00f3n o persistentes en cuanto a la cantidad, el tipo y el modo de almacenar los datos. Las herramientas de gesti\u00f3n de las cookies proporcionadas por su navegador no eliminar\u00e1n las cookies flash.<\/em>)<\/p>\n<p><u>UTILIZACI\u00d3N DE COOKIES POR <\/u><u>BELLAVISTA ENGINYERIA<\/u><u>:<\/u> BELLAVISTA ENGINYERIA utiliza cookies estrictamente necesarias y esenciales para que usted utilice <em>&lt;BELLAVISTAENGINYERIA.COM&gt; <\/em>y le permitan moverse libremente, utilizar \u00e1reas seguras, opciones personalizadas, etc. as\u00ed como para obtener datos relativos al an\u00e1lisis de uso de la web.<\/p>\n<p>Las cookies ayudan a BELLAVISTA ENGINYERIA a mejorar sus servicios, midiendo el uso y el rendimiento del sitio web para optimizarlo y personalizarlo. Nuestros sitios tambi\u00e9n pueden tener enlaces a redes sociales (como Facebook o Twitter). BELLAVISTA ENGINYERIA no controla las cookies utilizadas por estas webs externas. Para m\u00e1s informaci\u00f3n sobre las cookies de las redes sociales u otras webs ajenas, le aconsejamos revisar sus propias pol\u00edticas de cookies.<\/p>\n<p><u>COOKIES UTILIZADAS POR <\/u><u>BELLAVISTA ENGINYERIA<\/u><u>:<\/u><\/p>\n<ul>\n<li>Cookies Propias:\n<ul>\n<li>Cookieaccept<\/li>\n<li>De Sesi\u00f3n:<\/li>\n<li>SPro_ssid,<\/li>\n<li>Aspsessionidacdcbbdr,<\/li>\n<li>Phpsessid<\/li>\n<\/ul>\n<\/li>\n<\/ul>\n<ul>\n<li>Cookies de Terceros:\n<ul>\n<li>\u00a0 __ utmz<\/li>\n<li>Google Analytics<\/li>\n<\/ul>\n<\/li>\n<\/ul>\n<p><strong><u>ACEPTACI\u00d3N DE LA POL\u00cdTICA DE COOKIES<\/u>:<\/strong><\/p>\n<p>Si usted como Usuario decide ACEPTAR el uso de cookies, no volver\u00e1 a visualizar este aviso al acceder a cualquier p\u00e1gina del portal durante la presente sesi\u00f3n. Si decide CERRAR el aviso importante, se oculta el aviso en la presente p\u00e1gina.<\/p>\n<p>Finalmente, si decide MODIFICAR SU CONFIGURACI\u00d3N, podr\u00e1 obtener m\u00e1s informaci\u00f3n sobre qu\u00e9 son las cookies, conocer la Pol\u00edtica de Cookies de BELLAVISTA ENGINYERIA y modificar la configuraci\u00f3n de su navegador.<\/p>\n<p><strong><u>C\u00d3MO MODIFICAR LA CONFIGURACI\u00d3N DE LAS COOKIES<\/u>:<\/strong><\/p>\n<p>En cualquier momento podr\u00e1 desactivar o eliminar las cookies de este sitio web. Estas acciones se realizan de forma diferente en funci\u00f3n del navegador que est\u00e9 usando. Seguidamente, encontrar\u00e1 unos enlaces que le permitir\u00e1n consultarlo.<\/p>\n<p><a href=\"http:\/\/windows.microsoft.com\/es-es\/windows-vista\/block-or-allow-cookies\">Configuraci\u00f3n de <em>cookies <\/em>de Internet Explorer<\/a><\/p>\n<p><a href=\"http:\/\/support.mozilla.org\/es\/kb\/habilitar-y-deshabilitar-cookies-que-los-sitios-we\">Configuraci\u00f3n de <em>cookies <\/em>de Firefox<\/a><\/p>\n<p><a href=\"http:\/\/support.google.com\/chrome\/bin\/answer.py?hl=es&amp;answer=95647\">Configuraci\u00f3n de <em>cookies <\/em>de Google Chrome<\/a><\/p>\n<p><a href=\"http:\/\/www.apple.com\/legal\/privacy\/es\/cookies\/\">Configuraci\u00f3n de <em>cookie<\/em><em>s <\/em>de Safari<\/a><\/p>\n<p><a href=\"http:\/\/www.macromedia.com\/support\/documentation\/es\/flashplayer\/help\/settings_manager03.html\">Configuraci\u00f3n de cookies Flash<\/a><\/p>\n<p>Estos navegadores est\u00e1n sometidos a actualizaciones o modificaciones, por lo que no podemos garantizar que se ajusten completamente a la versi\u00f3n de su navegador. Tambi\u00e9n puede ser que utilice otro navegador no contemplado en estos enlaces como Opera, Maxthon, Avant browser, Konqueror, Arora, Flock, etc. Para evitar estos desajustes, puede acceder directamente desde las opciones de su navegador, generalmente en el men\u00fa de \u00abOpciones\u00bb en la secci\u00f3n de \u00abPrivacidad\u00bb. (Por favor, consulte la ayuda de su navegador para m\u00e1s informaci\u00f3n.)<\/p>\n<p>Tambi\u00e9n es posible limitar como las webs de terceros instalan cookies en su ordenador, para evitar la recolecci\u00f3n de datos y registro de su actividad de navegaci\u00f3n.<\/p>\n<p>Para limitar el uso de cookies de terceros puede dirigirse a la web de configuraci\u00f3n u OptOut:<\/p>\n<p><a href=\"https:\/\/tools.google.com\/dlpage\/gaoptout?hl=None\">Google Analytics<\/a><\/p>\n<p><a href=\"https:\/\/www.google.com\/settings\/ads\/plugin\">DoubleClick<\/a><\/p>\n<p><a href=\"https:\/\/www.google.com\/settings\/ads\">Google<\/a><\/p>\n<p><a href=\"http:\/\/www.macromedia.com\/support\/documentation\/es\/flashplayer\/help\/settings_manager07.html\">Flash Cookies YouTube<\/a><\/p>\n<p>Seleccione la opci\u00f3n \u201cEliminar todos los sitios\u201d o seleccione la web espec\u00edfica que desee borrar y \u201cEliminar Sitio web\u201d.<\/p>\n<p>Tenga en cuenta que, si rechaza o borra las cookies de navegaci\u00f3n, no podremos mantener sus preferencias, algunas caracter\u00edsticas de las p\u00e1ginas no estar\u00e1n operativas, no podremos ofrecerle servicios personalizados y cada vez que vaya a navegar por nuestra web tendremos que solicitarle de nuevo su autorizaci\u00f3n para el uso de cookies.<\/p>\n<p>Si aun as\u00ed decide modificar la configuraci\u00f3n de su acceso a la p\u00e1gina web, debe saber que es posible eliminar las cookies o impedir que se registre esta informaci\u00f3n en su equipo en cualquier momento mediante la modificaci\u00f3n de los par\u00e1metros de configuraci\u00f3n de su navegador.<\/p>\n","protected":false},"excerpt":{"rendered":"<p>INTRODUCCI\u00d3N: BELLAVISTA ENGINYERIA, S.L.P. (en adelante BELLAVISTA ENGINYERIA) informa acerca del uso de las cookies en &lt;BELLAVISTAENGINYERIA.COM&gt;. El acceso y la navegaci\u00f3n en &lt;BELLAVISTAENGINYERIA.COM&gt;, o el uso de los servicios del mismo, implican la aceptaci\u00f3n de las condiciones establecidas en nuestro Aviso Legal (y por tanto de la Pol\u00edtica de Privacidad y Pol\u00edtica de Cookies). Por favor, l\u00e9alas atentamente. Esta pol\u00edtica se revisa peri\u00f3dicamente para asegurar su vigencia, por lo que puede ser modificada. Le recomendamos que visite la p\u00e1gina con regularidad, donde le informaremos de cualquier actualizaci\u00f3n al respecto. Le informamos que BELLAVISTA ENGINYERIA utiliza para su correcto funcionamiento cookies que permiten conocer los movimientos realizados por usted durante [&hellip;]<\/p>\n","protected":false},"author":1,"featured_media":0,"parent":0,"menu_order":0,"comment_status":"closed","ping_status":"closed","template":"","meta":{"_acf_changed":false,"footnotes":""},"class_list":["post-1575","page","type-page","status-publish","hentry"],"acf":[],"yoast_head":"<!-- This site is optimized with the Yoast SEO plugin v26.0 - https:\/\/yoast.com\/wordpress\/plugins\/seo\/ -->\n<title>Pol\u00edtica de Cookies - Bellavista Enginyeria<\/title>\n<meta name=\"robots\" content=\"index, follow, max-snippet:-1, max-image-preview:large, max-video-preview:-1\" \/>\n<link rel=\"canonical\" href=\"https:\/\/bellavistaenginyeria.com\/es\/politica-de-cookies\/\" \/>\n<meta property=\"og:locale\" content=\"es_ES\" \/>\n<meta property=\"og:type\" content=\"article\" \/>\n<meta property=\"og:title\" content=\"Pol\u00edtica de Cookies - Bellavista Enginyeria\" \/>\n<meta property=\"og:description\" content=\"INTRODUCCI\u00d3N: BELLAVISTA ENGINYERIA, S.L.P. (en adelante BELLAVISTA ENGINYERIA) informa acerca del uso de las cookies en &lt;BELLAVISTAENGINYERIA.COM&gt;. El acceso y la navegaci\u00f3n en &lt;BELLAVISTAENGINYERIA.COM&gt;, o el uso de los servicios del mismo, implican la aceptaci\u00f3n de las condiciones establecidas en nuestro Aviso Legal (y por tanto de la Pol\u00edtica de Privacidad y Pol\u00edtica de Cookies). Por favor, l\u00e9alas atentamente. Esta pol\u00edtica se revisa peri\u00f3dicamente para asegurar su vigencia, por lo que puede ser modificada. Le recomendamos que visite la p\u00e1gina con regularidad, donde le informaremos de cualquier actualizaci\u00f3n al respecto. Le informamos que BELLAVISTA ENGINYERIA utiliza para su correcto funcionamiento cookies que permiten conocer los movimientos realizados por usted durante [&hellip;]\" \/>\n<meta property=\"og:url\" content=\"https:\/\/bellavistaenginyeria.com\/es\/politica-de-cookies\/\" \/>\n<meta property=\"og:site_name\" content=\"Bellavista Enginyeria\" \/>\n<meta property=\"article:modified_time\" content=\"2018-11-27T10:31:01+00:00\" \/>\n<meta name=\"twitter:card\" content=\"summary_large_image\" \/>\n<meta name=\"twitter:label1\" content=\"Tiempo de lectura\" \/>\n\t<meta name=\"twitter:data1\" content=\"8 minutos\" \/>\n<script type=\"application\/ld+json\" class=\"yoast-schema-graph\">{\"@context\":\"https:\/\/schema.org\",\"@graph\":[{\"@type\":\"WebPage\",\"@id\":\"https:\/\/bellavistaenginyeria.com\/es\/politica-de-cookies\/\",\"url\":\"https:\/\/bellavistaenginyeria.com\/es\/politica-de-cookies\/\",\"name\":\"Pol\u00edtica de Cookies - Bellavista Enginyeria\",\"isPartOf\":{\"@id\":\"https:\/\/bellavistaenginyeria.com\/#website\"},\"datePublished\":\"2016-07-29T11:10:15+00:00\",\"dateModified\":\"2018-11-27T10:31:01+00:00\",\"breadcrumb\":{\"@id\":\"https:\/\/bellavistaenginyeria.com\/es\/politica-de-cookies\/#breadcrumb\"},\"inLanguage\":\"es\",\"potentialAction\":[{\"@type\":\"ReadAction\",\"target\":[\"https:\/\/bellavistaenginyeria.com\/es\/politica-de-cookies\/\"]}]},{\"@type\":\"BreadcrumbList\",\"@id\":\"https:\/\/bellavistaenginyeria.com\/es\/politica-de-cookies\/#breadcrumb\",\"itemListElement\":[{\"@type\":\"ListItem\",\"position\":1,\"name\":\"Portada\",\"item\":\"https:\/\/bellavistaenginyeria.com\/es\/\"},{\"@type\":\"ListItem\",\"position\":2,\"name\":\"Pol\u00edtica de Cookies\"}]},{\"@type\":\"WebSite\",\"@id\":\"https:\/\/bellavistaenginyeria.com\/#website\",\"url\":\"https:\/\/bellavistaenginyeria.com\/\",\"name\":\"Bellavista Enginyeria\",\"description\":\"Enginyeria Granollers Barcelona\",\"potentialAction\":[{\"@type\":\"SearchAction\",\"target\":{\"@type\":\"EntryPoint\",\"urlTemplate\":\"https:\/\/bellavistaenginyeria.com\/?s={search_term_string}\"},\"query-input\":{\"@type\":\"PropertyValueSpecification\",\"valueRequired\":true,\"valueName\":\"search_term_string\"}}],\"inLanguage\":\"es\"}]}<\/script>\n<!-- \/ Yoast SEO plugin. -->","yoast_head_json":{"title":"Pol\u00edtica de Cookies - Bellavista Enginyeria","robots":{"index":"index","follow":"follow","max-snippet":"max-snippet:-1","max-image-preview":"max-image-preview:large","max-video-preview":"max-video-preview:-1"},"canonical":"https:\/\/bellavistaenginyeria.com\/es\/politica-de-cookies\/","og_locale":"es_ES","og_type":"article","og_title":"Pol\u00edtica de Cookies - Bellavista Enginyeria","og_description":"INTRODUCCI\u00d3N: BELLAVISTA ENGINYERIA, S.L.P. (en adelante BELLAVISTA ENGINYERIA) informa acerca del uso de las cookies en &lt;BELLAVISTAENGINYERIA.COM&gt;. El acceso y la navegaci\u00f3n en &lt;BELLAVISTAENGINYERIA.COM&gt;, o el uso de los servicios del mismo, implican la aceptaci\u00f3n de las condiciones establecidas en nuestro Aviso Legal (y por tanto de la Pol\u00edtica de Privacidad y Pol\u00edtica de Cookies). Por favor, l\u00e9alas atentamente. Esta pol\u00edtica se revisa peri\u00f3dicamente para asegurar su vigencia, por lo que puede ser modificada. Le recomendamos que visite la p\u00e1gina con regularidad, donde le informaremos de cualquier actualizaci\u00f3n al respecto. Le informamos que BELLAVISTA ENGINYERIA utiliza para su correcto funcionamiento cookies que permiten conocer los movimientos realizados por usted durante [&hellip;]","og_url":"https:\/\/bellavistaenginyeria.com\/es\/politica-de-cookies\/","og_site_name":"Bellavista Enginyeria","article_modified_time":"2018-11-27T10:31:01+00:00","twitter_card":"summary_large_image","twitter_misc":{"Tiempo de lectura":"8 minutos"},"schema":{"@context":"https:\/\/schema.org","@graph":[{"@type":"WebPage","@id":"https:\/\/bellavistaenginyeria.com\/es\/politica-de-cookies\/","url":"https:\/\/bellavistaenginyeria.com\/es\/politica-de-cookies\/","name":"Pol\u00edtica de Cookies - Bellavista Enginyeria","isPartOf":{"@id":"https:\/\/bellavistaenginyeria.com\/#website"},"datePublished":"2016-07-29T11:10:15+00:00","dateModified":"2018-11-27T10:31:01+00:00","breadcrumb":{"@id":"https:\/\/bellavistaenginyeria.com\/es\/politica-de-cookies\/#breadcrumb"},"inLanguage":"es","potentialAction":[{"@type":"ReadAction","target":["https:\/\/bellavistaenginyeria.com\/es\/politica-de-cookies\/"]}]},{"@type":"BreadcrumbList","@id":"https:\/\/bellavistaenginyeria.com\/es\/politica-de-cookies\/#breadcrumb","itemListElement":[{"@type":"ListItem","position":1,"name":"Portada","item":"https:\/\/bellavistaenginyeria.com\/es\/"},{"@type":"ListItem","position":2,"name":"Pol\u00edtica de Cookies"}]},{"@type":"WebSite","@id":"https:\/\/bellavistaenginyeria.com\/#website","url":"https:\/\/bellavistaenginyeria.com\/","name":"Bellavista Enginyeria","description":"Enginyeria Granollers Barcelona","potentialAction":[{"@type":"SearchAction","target":{"@type":"EntryPoint","urlTemplate":"https:\/\/bellavistaenginyeria.com\/?s={search_term_string}"},"query-input":{"@type":"PropertyValueSpecification","valueRequired":true,"valueName":"search_term_string"}}],"inLanguage":"es"}]}},"_links":{"self":[{"href":"https:\/\/bellavistaenginyeria.com\/es\/wp-json\/wp\/v2\/pages\/1575","targetHints":{"allow":["GET"]}}],"collection":[{"href":"https:\/\/bellavistaenginyeria.com\/es\/wp-json\/wp\/v2\/pages"}],"about":[{"href":"https:\/\/bellavistaenginyeria.com\/es\/wp-json\/wp\/v2\/types\/page"}],"author":[{"embeddable":true,"href":"https:\/\/bellavistaenginyeria.com\/es\/wp-json\/wp\/v2\/users\/1"}],"replies":[{"embeddable":true,"href":"https:\/\/bellavistaenginyeria.com\/es\/wp-json\/wp\/v2\/comments?post=1575"}],"version-history":[{"count":3,"href":"https:\/\/bellavistaenginyeria.com\/es\/wp-json\/wp\/v2\/pages\/1575\/revisions"}],"predecessor-version":[{"id":2371,"href":"https:\/\/bellavistaenginyeria.com\/es\/wp-json\/wp\/v2\/pages\/1575\/revisions\/2371"}],"wp:attachment":[{"href":"https:\/\/bellavistaenginyeria.com\/es\/wp-json\/wp\/v2\/media?parent=1575"}],"curies":[{"name":"wp","href":"https:\/\/api.w.org\/{rel}","templated":true}]}}