{"id":1577,"date":"2016-04-08T10:11:35","date_gmt":"2016-04-08T10:11:35","guid":{"rendered":"https:\/\/bellavistaenginyeria.com\/es\/assesorament-energetic\/"},"modified":"2022-01-24T12:24:16","modified_gmt":"2022-01-24T12:24:16","slug":"asesoramiento-energetico","status":"publish","type":"page","link":"https:\/\/bellavistaenginyeria.com\/es\/servicios-de-ingenieria\/asesoramiento-energetico\/","title":{"rendered":"ENERG\u00cdAS RENOVABLES"},"content":{"rendered":"<p><span style=\"font-weight: 400;\">Los profesionales de Bellavista Enginyeria asesoran a las empresas sobre el ahorro energ\u00e9tico. Lo hacemos mediante estudios de eficiencia energ\u00e9tica en locales e industrias, la certificaci\u00f3n energ\u00e9tica local y viviendas, y el estudio y optimizaci\u00f3n de la factura energ\u00e9tica (electricidad, gas y\/o agua\u2026). Esto, juntamente con la implementaci\u00f3n de energ\u00edas aportan un ahorro en el consumo energ\u00e9tico a nuestros clientes.<\/span><\/p>\n","protected":false},"excerpt":{"rendered":"<p>Los profesionales de Bellavista Enginyeria asesoran a las empresas sobre el ahorro energ\u00e9tico. Lo hacemos mediante estudios de eficiencia energ\u00e9tica en locales e industrias, la certificaci\u00f3n energ\u00e9tica local y viviendas, y el estudio y optimizaci\u00f3n de la factura energ\u00e9tica (electricidad, gas y\/o agua\u2026). Esto, juntamente con la implementaci\u00f3n de energ\u00edas aportan un ahorro en el consumo energ\u00e9tico a nuestros clientes.<\/p>\n","protected":false},"author":1,"featured_media":0,"parent":1588,"menu_order":2,"comment_status":"closed","ping_status":"closed","template":"page-serveisdins.php","meta":{"_acf_changed":false,"footnotes":""},"class_list":["post-1577","page","type-page","status-publish","hentry"],"acf":[],"yoast_head":"<!-- This site is optimized with the Yoast SEO plugin v26.0 - https:\/\/yoast.com\/wordpress\/plugins\/seo\/ -->\n<title>ENERG\u00cdAS RENOVABLES - Bellavista Enginyeria<\/title>\n<meta name=\"robots\" content=\"index, follow, max-snippet:-1, max-image-preview:large, max-video-preview:-1\" \/>\n<link rel=\"canonical\" href=\"https:\/\/bellavistaenginyeria.com\/es\/servicios-de-ingenieria\/asesoramiento-energetico\/\" \/>\n<meta property=\"og:locale\" content=\"es_ES\" \/>\n<meta property=\"og:type\" content=\"article\" \/>\n<meta property=\"og:title\" content=\"ENERG\u00cdAS RENOVABLES - Bellavista Enginyeria\" \/>\n<meta property=\"og:description\" content=\"Los profesionales de Bellavista Enginyeria asesoran a las empresas sobre el ahorro energ\u00e9tico. Lo hacemos mediante estudios de eficiencia energ\u00e9tica en locales e industrias, la certificaci\u00f3n energ\u00e9tica local y viviendas, y el estudio y optimizaci\u00f3n de la factura energ\u00e9tica (electricidad, gas y\/o agua\u2026). Esto, juntamente con la implementaci\u00f3n de energ\u00edas aportan un ahorro en el consumo energ\u00e9tico a nuestros clientes.\" \/>\n<meta property=\"og:url\" content=\"https:\/\/bellavistaenginyeria.com\/es\/servicios-de-ingenieria\/asesoramiento-energetico\/\" \/>\n<meta property=\"og:site_name\" content=\"Bellavista Enginyeria\" \/>\n<meta property=\"article:modified_time\" content=\"2022-01-24T12:24:16+00:00\" \/>\n<meta name=\"twitter:card\" content=\"summary_large_image\" \/>\n<script type=\"application\/ld+json\" class=\"yoast-schema-graph\">{\"@context\":\"https:\/\/schema.org\",\"@graph\":[{\"@type\":\"WebPage\",\"@id\":\"https:\/\/bellavistaenginyeria.com\/es\/servicios-de-ingenieria\/asesoramiento-energetico\/\",\"url\":\"https:\/\/bellavistaenginyeria.com\/es\/servicios-de-ingenieria\/asesoramiento-energetico\/\",\"name\":\"ENERG\u00cdAS RENOVABLES - Bellavista Enginyeria\",\"isPartOf\":{\"@id\":\"https:\/\/bellavistaenginyeria.com\/#website\"},\"datePublished\":\"2016-04-08T10:11:35+00:00\",\"dateModified\":\"2022-01-24T12:24:16+00:00\",\"breadcrumb\":{\"@id\":\"https:\/\/bellavistaenginyeria.com\/es\/servicios-de-ingenieria\/asesoramiento-energetico\/#breadcrumb\"},\"inLanguage\":\"es\",\"potentialAction\":[{\"@type\":\"ReadAction\",\"target\":[\"https:\/\/bellavistaenginyeria.com\/es\/servicios-de-ingenieria\/asesoramiento-energetico\/\"]}]},{\"@type\":\"BreadcrumbList\",\"@id\":\"https:\/\/bellavistaenginyeria.com\/es\/servicios-de-ingenieria\/asesoramiento-energetico\/#breadcrumb\",\"itemListElement\":[{\"@type\":\"ListItem\",\"position\":1,\"name\":\"Portada\",\"item\":\"https:\/\/bellavistaenginyeria.com\/es\/\"},{\"@type\":\"ListItem\",\"position\":2,\"name\":\"Servicios de ingenier\u00eda\",\"item\":\"https:\/\/bellavistaenginyeria.com\/es\/servicios-de-ingenieria\/\"},{\"@type\":\"ListItem\",\"position\":3,\"name\":\"ENERG\u00cdAS RENOVABLES\"}]},{\"@type\":\"WebSite\",\"@id\":\"https:\/\/bellavistaenginyeria.com\/#website\",\"url\":\"https:\/\/bellavistaenginyeria.com\/\",\"name\":\"Bellavista Enginyeria\",\"description\":\"Enginyeria Granollers Barcelona\",\"potentialAction\":[{\"@type\":\"SearchAction\",\"target\":{\"@type\":\"EntryPoint\",\"urlTemplate\":\"https:\/\/bellavistaenginyeria.com\/?s={search_term_string}\"},\"query-input\":{\"@type\":\"PropertyValueSpecification\",\"valueRequired\":true,\"valueName\":\"search_term_string\"}}],\"inLanguage\":\"es\"}]}<\/script>\n<!-- \/ Yoast SEO plugin. -->","yoast_head_json":{"title":"ENERG\u00cdAS RENOVABLES - Bellavista Enginyeria","robots":{"index":"index","follow":"follow","max-snippet":"max-snippet:-1","max-image-preview":"max-image-preview:large","max-video-preview":"max-video-preview:-1"},"canonical":"https:\/\/bellavistaenginyeria.com\/es\/servicios-de-ingenieria\/asesoramiento-energetico\/","og_locale":"es_ES","og_type":"article","og_title":"ENERG\u00cdAS RENOVABLES - Bellavista Enginyeria","og_description":"Los profesionales de Bellavista Enginyeria asesoran a las empresas sobre el ahorro energ\u00e9tico. Lo hacemos mediante estudios de eficiencia energ\u00e9tica en locales e industrias, la certificaci\u00f3n energ\u00e9tica local y viviendas, y el estudio y optimizaci\u00f3n de la factura energ\u00e9tica (electricidad, gas y\/o agua\u2026). Esto, juntamente con la implementaci\u00f3n de energ\u00edas aportan un ahorro en el consumo energ\u00e9tico a nuestros clientes.","og_url":"https:\/\/bellavistaenginyeria.com\/es\/servicios-de-ingenieria\/asesoramiento-energetico\/","og_site_name":"Bellavista Enginyeria","article_modified_time":"2022-01-24T12:24:16+00:00","twitter_card":"summary_large_image","schema":{"@context":"https:\/\/schema.org","@graph":[{"@type":"WebPage","@id":"https:\/\/bellavistaenginyeria.com\/es\/servicios-de-ingenieria\/asesoramiento-energetico\/","url":"https:\/\/bellavistaenginyeria.com\/es\/servicios-de-ingenieria\/asesoramiento-energetico\/","name":"ENERG\u00cdAS RENOVABLES - Bellavista Enginyeria","isPartOf":{"@id":"https:\/\/bellavistaenginyeria.com\/#website"},"datePublished":"2016-04-08T10:11:35+00:00","dateModified":"2022-01-24T12:24:16+00:00","breadcrumb":{"@id":"https:\/\/bellavistaenginyeria.com\/es\/servicios-de-ingenieria\/asesoramiento-energetico\/#breadcrumb"},"inLanguage":"es","potentialAction":[{"@type":"ReadAction","target":["https:\/\/bellavistaenginyeria.com\/es\/servicios-de-ingenieria\/asesoramiento-energetico\/"]}]},{"@type":"BreadcrumbList","@id":"https:\/\/bellavistaenginyeria.com\/es\/servicios-de-ingenieria\/asesoramiento-energetico\/#breadcrumb","itemListElement":[{"@type":"ListItem","position":1,"name":"Portada","item":"https:\/\/bellavistaenginyeria.com\/es\/"},{"@type":"ListItem","position":2,"name":"Servicios de ingenier\u00eda","item":"https:\/\/bellavistaenginyeria.com\/es\/servicios-de-ingenieria\/"},{"@type":"ListItem","position":3,"name":"ENERG\u00cdAS RENOVABLES"}]},{"@type":"WebSite","@id":"https:\/\/bellavistaenginyeria.com\/#website","url":"https:\/\/bellavistaenginyeria.com\/","name":"Bellavista Enginyeria","description":"Enginyeria Granollers Barcelona","potentialAction":[{"@type":"SearchAction","target":{"@type":"EntryPoint","urlTemplate":"https:\/\/bellavistaenginyeria.com\/?s={search_term_string}"},"query-input":{"@type":"PropertyValueSpecification","valueRequired":true,"valueName":"search_term_string"}}],"inLanguage":"es"}]}},"_links":{"self":[{"href":"https:\/\/bellavistaenginyeria.com\/es\/wp-json\/wp\/v2\/pages\/1577","targetHints":{"allow":["GET"]}}],"collection":[{"href":"https:\/\/bellavistaenginyeria.com\/es\/wp-json\/wp\/v2\/pages"}],"about":[{"href":"https:\/\/bellavistaenginyeria.com\/es\/wp-json\/wp\/v2\/types\/page"}],"author":[{"embeddable":true,"href":"https:\/\/bellavistaenginyeria.com\/es\/wp-json\/wp\/v2\/users\/1"}],"replies":[{"embeddable":true,"href":"https:\/\/bellavistaenginyeria.com\/es\/wp-json\/wp\/v2\/comments?post=1577"}],"version-history":[{"count":4,"href":"https:\/\/bellavistaenginyeria.com\/es\/wp-json\/wp\/v2\/pages\/1577\/revisions"}],"predecessor-version":[{"id":3186,"href":"https:\/\/bellavistaenginyeria.com\/es\/wp-json\/wp\/v2\/pages\/1577\/revisions\/3186"}],"up":[{"embeddable":true,"href":"https:\/\/bellavistaenginyeria.com\/es\/wp-json\/wp\/v2\/pages\/1588"}],"wp:attachment":[{"href":"https:\/\/bellavistaenginyeria.com\/es\/wp-json\/wp\/v2\/media?parent=1577"}],"curies":[{"name":"wp","href":"https:\/\/api.w.org\/{rel}","templated":true}]}}