{"id":1578,"date":"2016-04-08T10:11:30","date_gmt":"2016-04-08T10:11:30","guid":{"rendered":"https:\/\/bellavistaenginyeria.com\/es\/acustica\/"},"modified":"2016-11-08T14:18:22","modified_gmt":"2016-11-08T14:18:22","slug":"estudios-de-acustica","status":"publish","type":"page","link":"https:\/\/bellavistaenginyeria.com\/es\/servicios-de-ingenieria\/estudios-de-acustica\/","title":{"rendered":"Estudios de Ac\u00fastica"},"content":{"rendered":"<p><span style=\"font-weight: 400;\">En Bellavista Enginyeria, tambi\u00e9n ofrecemos soluciones dentro del campo de la ac\u00fastica. nuestros t\u00e9cnicos calificados ofrecer\u00e1n opciones espec\u00edficas y de calidad en cuanto a la prevenci\u00f3n y correcci\u00f3n de problemas generados por sonidos y vibraciones.<\/span><\/p>\n","protected":false},"excerpt":{"rendered":"<p>En Bellavista Enginyeria, tambi\u00e9n ofrecemos soluciones dentro del campo de la ac\u00fastica. nuestros t\u00e9cnicos calificados ofrecer\u00e1n opciones espec\u00edficas y de calidad en cuanto a la prevenci\u00f3n y correcci\u00f3n de problemas generados por sonidos y vibraciones.<\/p>\n","protected":false},"author":1,"featured_media":0,"parent":1588,"menu_order":1,"comment_status":"closed","ping_status":"closed","template":"page-serveisdins.php","meta":{"_acf_changed":false,"footnotes":""},"class_list":["post-1578","page","type-page","status-publish","hentry"],"acf":[],"yoast_head":"<!-- This site is optimized with the Yoast SEO plugin v26.0 - https:\/\/yoast.com\/wordpress\/plugins\/seo\/ -->\n<title>Estudios de Ac\u00fastica - Bellavista Enginyeria<\/title>\n<meta name=\"robots\" content=\"index, follow, max-snippet:-1, max-image-preview:large, max-video-preview:-1\" \/>\n<link rel=\"canonical\" href=\"https:\/\/bellavistaenginyeria.com\/es\/servicios-de-ingenieria\/estudios-de-acustica\/\" \/>\n<meta property=\"og:locale\" content=\"es_ES\" \/>\n<meta property=\"og:type\" content=\"article\" \/>\n<meta property=\"og:title\" content=\"Estudios de Ac\u00fastica - Bellavista Enginyeria\" \/>\n<meta property=\"og:description\" content=\"En Bellavista Enginyeria, tambi\u00e9n ofrecemos soluciones dentro del campo de la ac\u00fastica. nuestros t\u00e9cnicos calificados ofrecer\u00e1n opciones espec\u00edficas y de calidad en cuanto a la prevenci\u00f3n y correcci\u00f3n de problemas generados por sonidos y vibraciones.\" \/>\n<meta property=\"og:url\" content=\"https:\/\/bellavistaenginyeria.com\/es\/servicios-de-ingenieria\/estudios-de-acustica\/\" \/>\n<meta property=\"og:site_name\" content=\"Bellavista Enginyeria\" \/>\n<meta property=\"article:modified_time\" content=\"2016-11-08T14:18:22+00:00\" \/>\n<meta name=\"twitter:card\" content=\"summary_large_image\" \/>\n<script type=\"application\/ld+json\" class=\"yoast-schema-graph\">{\"@context\":\"https:\/\/schema.org\",\"@graph\":[{\"@type\":\"WebPage\",\"@id\":\"https:\/\/bellavistaenginyeria.com\/es\/servicios-de-ingenieria\/estudios-de-acustica\/\",\"url\":\"https:\/\/bellavistaenginyeria.com\/es\/servicios-de-ingenieria\/estudios-de-acustica\/\",\"name\":\"Estudios de Ac\u00fastica - Bellavista Enginyeria\",\"isPartOf\":{\"@id\":\"https:\/\/bellavistaenginyeria.com\/#website\"},\"datePublished\":\"2016-04-08T10:11:30+00:00\",\"dateModified\":\"2016-11-08T14:18:22+00:00\",\"breadcrumb\":{\"@id\":\"https:\/\/bellavistaenginyeria.com\/es\/servicios-de-ingenieria\/estudios-de-acustica\/#breadcrumb\"},\"inLanguage\":\"es\",\"potentialAction\":[{\"@type\":\"ReadAction\",\"target\":[\"https:\/\/bellavistaenginyeria.com\/es\/servicios-de-ingenieria\/estudios-de-acustica\/\"]}]},{\"@type\":\"BreadcrumbList\",\"@id\":\"https:\/\/bellavistaenginyeria.com\/es\/servicios-de-ingenieria\/estudios-de-acustica\/#breadcrumb\",\"itemListElement\":[{\"@type\":\"ListItem\",\"position\":1,\"name\":\"Portada\",\"item\":\"https:\/\/bellavistaenginyeria.com\/es\/\"},{\"@type\":\"ListItem\",\"position\":2,\"name\":\"Servicios de ingenier\u00eda\",\"item\":\"https:\/\/bellavistaenginyeria.com\/es\/servicios-de-ingenieria\/\"},{\"@type\":\"ListItem\",\"position\":3,\"name\":\"Estudios de Ac\u00fastica\"}]},{\"@type\":\"WebSite\",\"@id\":\"https:\/\/bellavistaenginyeria.com\/#website\",\"url\":\"https:\/\/bellavistaenginyeria.com\/\",\"name\":\"Bellavista Enginyeria\",\"description\":\"Enginyeria Granollers Barcelona\",\"potentialAction\":[{\"@type\":\"SearchAction\",\"target\":{\"@type\":\"EntryPoint\",\"urlTemplate\":\"https:\/\/bellavistaenginyeria.com\/?s={search_term_string}\"},\"query-input\":{\"@type\":\"PropertyValueSpecification\",\"valueRequired\":true,\"valueName\":\"search_term_string\"}}],\"inLanguage\":\"es\"}]}<\/script>\n<!-- \/ Yoast SEO plugin. -->","yoast_head_json":{"title":"Estudios de Ac\u00fastica - Bellavista Enginyeria","robots":{"index":"index","follow":"follow","max-snippet":"max-snippet:-1","max-image-preview":"max-image-preview:large","max-video-preview":"max-video-preview:-1"},"canonical":"https:\/\/bellavistaenginyeria.com\/es\/servicios-de-ingenieria\/estudios-de-acustica\/","og_locale":"es_ES","og_type":"article","og_title":"Estudios de Ac\u00fastica - Bellavista Enginyeria","og_description":"En Bellavista Enginyeria, tambi\u00e9n ofrecemos soluciones dentro del campo de la ac\u00fastica. nuestros t\u00e9cnicos calificados ofrecer\u00e1n opciones espec\u00edficas y de calidad en cuanto a la prevenci\u00f3n y correcci\u00f3n de problemas generados por sonidos y vibraciones.","og_url":"https:\/\/bellavistaenginyeria.com\/es\/servicios-de-ingenieria\/estudios-de-acustica\/","og_site_name":"Bellavista Enginyeria","article_modified_time":"2016-11-08T14:18:22+00:00","twitter_card":"summary_large_image","schema":{"@context":"https:\/\/schema.org","@graph":[{"@type":"WebPage","@id":"https:\/\/bellavistaenginyeria.com\/es\/servicios-de-ingenieria\/estudios-de-acustica\/","url":"https:\/\/bellavistaenginyeria.com\/es\/servicios-de-ingenieria\/estudios-de-acustica\/","name":"Estudios de Ac\u00fastica - Bellavista Enginyeria","isPartOf":{"@id":"https:\/\/bellavistaenginyeria.com\/#website"},"datePublished":"2016-04-08T10:11:30+00:00","dateModified":"2016-11-08T14:18:22+00:00","breadcrumb":{"@id":"https:\/\/bellavistaenginyeria.com\/es\/servicios-de-ingenieria\/estudios-de-acustica\/#breadcrumb"},"inLanguage":"es","potentialAction":[{"@type":"ReadAction","target":["https:\/\/bellavistaenginyeria.com\/es\/servicios-de-ingenieria\/estudios-de-acustica\/"]}]},{"@type":"BreadcrumbList","@id":"https:\/\/bellavistaenginyeria.com\/es\/servicios-de-ingenieria\/estudios-de-acustica\/#breadcrumb","itemListElement":[{"@type":"ListItem","position":1,"name":"Portada","item":"https:\/\/bellavistaenginyeria.com\/es\/"},{"@type":"ListItem","position":2,"name":"Servicios de ingenier\u00eda","item":"https:\/\/bellavistaenginyeria.com\/es\/servicios-de-ingenieria\/"},{"@type":"ListItem","position":3,"name":"Estudios de Ac\u00fastica"}]},{"@type":"WebSite","@id":"https:\/\/bellavistaenginyeria.com\/#website","url":"https:\/\/bellavistaenginyeria.com\/","name":"Bellavista Enginyeria","description":"Enginyeria Granollers Barcelona","potentialAction":[{"@type":"SearchAction","target":{"@type":"EntryPoint","urlTemplate":"https:\/\/bellavistaenginyeria.com\/?s={search_term_string}"},"query-input":{"@type":"PropertyValueSpecification","valueRequired":true,"valueName":"search_term_string"}}],"inLanguage":"es"}]}},"_links":{"self":[{"href":"https:\/\/bellavistaenginyeria.com\/es\/wp-json\/wp\/v2\/pages\/1578","targetHints":{"allow":["GET"]}}],"collection":[{"href":"https:\/\/bellavistaenginyeria.com\/es\/wp-json\/wp\/v2\/pages"}],"about":[{"href":"https:\/\/bellavistaenginyeria.com\/es\/wp-json\/wp\/v2\/types\/page"}],"author":[{"embeddable":true,"href":"https:\/\/bellavistaenginyeria.com\/es\/wp-json\/wp\/v2\/users\/1"}],"replies":[{"embeddable":true,"href":"https:\/\/bellavistaenginyeria.com\/es\/wp-json\/wp\/v2\/comments?post=1578"}],"version-history":[{"count":3,"href":"https:\/\/bellavistaenginyeria.com\/es\/wp-json\/wp\/v2\/pages\/1578\/revisions"}],"predecessor-version":[{"id":1883,"href":"https:\/\/bellavistaenginyeria.com\/es\/wp-json\/wp\/v2\/pages\/1578\/revisions\/1883"}],"up":[{"embeddable":true,"href":"https:\/\/bellavistaenginyeria.com\/es\/wp-json\/wp\/v2\/pages\/1588"}],"wp:attachment":[{"href":"https:\/\/bellavistaenginyeria.com\/es\/wp-json\/wp\/v2\/media?parent=1578"}],"curies":[{"name":"wp","href":"https:\/\/api.w.org\/{rel}","templated":true}]}}