{"id":1581,"date":"2016-04-08T10:11:08","date_gmt":"2016-04-08T10:11:08","guid":{"rendered":"https:\/\/bellavistaenginyeria.com\/es\/projectes-dinstal%c2%b7lacions\/"},"modified":"2016-11-08T15:46:28","modified_gmt":"2016-11-08T15:46:28","slug":"proyectos-de-instalaciones","status":"publish","type":"page","link":"https:\/\/bellavistaenginyeria.com\/es\/servicios-de-ingenieria\/proyectos-de-instalaciones\/","title":{"rendered":"PROYECTOS DE INSTALACIONES"},"content":{"rendered":"<p><span style=\"font-weight: 400;\">En Bellavista Enginyeria realizamos la planificaci\u00f3n y la ejecuci\u00f3n de diferentes tipos de proyecto de instalaciones. nuestro equipo, se encarga de hacer un estudio previo exhaustivo de la infraestructura, adem\u00e1s de ofrecer un servicio personalizado de asesoramiento y de gesti\u00f3n del mismo proyecto de instalaci\u00f3n, seg\u00fan las necesidades de cada local, industria y\/o vivienda.<\/span><\/p>\n","protected":false},"excerpt":{"rendered":"<p>En Bellavista Enginyeria realizamos la planificaci\u00f3n y la ejecuci\u00f3n de diferentes tipos de proyecto de instalaciones. nuestro equipo, se encarga de hacer un estudio previo exhaustivo de la infraestructura, adem\u00e1s de ofrecer un servicio personalizado de asesoramiento y de gesti\u00f3n del mismo proyecto de instalaci\u00f3n, seg\u00fan las necesidades de cada local, industria y\/o vivienda.<\/p>\n","protected":false},"author":1,"featured_media":0,"parent":1588,"menu_order":3,"comment_status":"closed","ping_status":"closed","template":"page-serveisdins.php","meta":{"_acf_changed":false,"footnotes":""},"class_list":["post-1581","page","type-page","status-publish","hentry"],"acf":[],"yoast_head":"<!-- This site is optimized with the Yoast SEO plugin v26.0 - https:\/\/yoast.com\/wordpress\/plugins\/seo\/ -->\n<title>PROYECTOS DE INSTALACIONES - Bellavista Enginyeria<\/title>\n<meta name=\"robots\" content=\"index, follow, max-snippet:-1, max-image-preview:large, max-video-preview:-1\" \/>\n<link rel=\"canonical\" href=\"https:\/\/bellavistaenginyeria.com\/es\/servicios-de-ingenieria\/proyectos-de-instalaciones\/\" \/>\n<meta property=\"og:locale\" content=\"es_ES\" \/>\n<meta property=\"og:type\" content=\"article\" \/>\n<meta property=\"og:title\" content=\"PROYECTOS DE INSTALACIONES - Bellavista Enginyeria\" \/>\n<meta property=\"og:description\" content=\"En Bellavista Enginyeria realizamos la planificaci\u00f3n y la ejecuci\u00f3n de diferentes tipos de proyecto de instalaciones. nuestro equipo, se encarga de hacer un estudio previo exhaustivo de la infraestructura, adem\u00e1s de ofrecer un servicio personalizado de asesoramiento y de gesti\u00f3n del mismo proyecto de instalaci\u00f3n, seg\u00fan las necesidades de cada local, industria y\/o vivienda.\" \/>\n<meta property=\"og:url\" content=\"https:\/\/bellavistaenginyeria.com\/es\/servicios-de-ingenieria\/proyectos-de-instalaciones\/\" \/>\n<meta property=\"og:site_name\" content=\"Bellavista Enginyeria\" \/>\n<meta property=\"article:modified_time\" content=\"2016-11-08T15:46:28+00:00\" \/>\n<meta name=\"twitter:card\" content=\"summary_large_image\" \/>\n<script type=\"application\/ld+json\" class=\"yoast-schema-graph\">{\"@context\":\"https:\/\/schema.org\",\"@graph\":[{\"@type\":\"WebPage\",\"@id\":\"https:\/\/bellavistaenginyeria.com\/es\/servicios-de-ingenieria\/proyectos-de-instalaciones\/\",\"url\":\"https:\/\/bellavistaenginyeria.com\/es\/servicios-de-ingenieria\/proyectos-de-instalaciones\/\",\"name\":\"PROYECTOS DE INSTALACIONES - Bellavista Enginyeria\",\"isPartOf\":{\"@id\":\"https:\/\/bellavistaenginyeria.com\/#website\"},\"datePublished\":\"2016-04-08T10:11:08+00:00\",\"dateModified\":\"2016-11-08T15:46:28+00:00\",\"breadcrumb\":{\"@id\":\"https:\/\/bellavistaenginyeria.com\/es\/servicios-de-ingenieria\/proyectos-de-instalaciones\/#breadcrumb\"},\"inLanguage\":\"es\",\"potentialAction\":[{\"@type\":\"ReadAction\",\"target\":[\"https:\/\/bellavistaenginyeria.com\/es\/servicios-de-ingenieria\/proyectos-de-instalaciones\/\"]}]},{\"@type\":\"BreadcrumbList\",\"@id\":\"https:\/\/bellavistaenginyeria.com\/es\/servicios-de-ingenieria\/proyectos-de-instalaciones\/#breadcrumb\",\"itemListElement\":[{\"@type\":\"ListItem\",\"position\":1,\"name\":\"Portada\",\"item\":\"https:\/\/bellavistaenginyeria.com\/es\/\"},{\"@type\":\"ListItem\",\"position\":2,\"name\":\"Servicios de ingenier\u00eda\",\"item\":\"https:\/\/bellavistaenginyeria.com\/es\/servicios-de-ingenieria\/\"},{\"@type\":\"ListItem\",\"position\":3,\"name\":\"PROYECTOS DE INSTALACIONES\"}]},{\"@type\":\"WebSite\",\"@id\":\"https:\/\/bellavistaenginyeria.com\/#website\",\"url\":\"https:\/\/bellavistaenginyeria.com\/\",\"name\":\"Bellavista Enginyeria\",\"description\":\"Enginyeria Granollers Barcelona\",\"potentialAction\":[{\"@type\":\"SearchAction\",\"target\":{\"@type\":\"EntryPoint\",\"urlTemplate\":\"https:\/\/bellavistaenginyeria.com\/?s={search_term_string}\"},\"query-input\":{\"@type\":\"PropertyValueSpecification\",\"valueRequired\":true,\"valueName\":\"search_term_string\"}}],\"inLanguage\":\"es\"}]}<\/script>\n<!-- \/ Yoast SEO plugin. -->","yoast_head_json":{"title":"PROYECTOS DE INSTALACIONES - Bellavista Enginyeria","robots":{"index":"index","follow":"follow","max-snippet":"max-snippet:-1","max-image-preview":"max-image-preview:large","max-video-preview":"max-video-preview:-1"},"canonical":"https:\/\/bellavistaenginyeria.com\/es\/servicios-de-ingenieria\/proyectos-de-instalaciones\/","og_locale":"es_ES","og_type":"article","og_title":"PROYECTOS DE INSTALACIONES - Bellavista Enginyeria","og_description":"En Bellavista Enginyeria realizamos la planificaci\u00f3n y la ejecuci\u00f3n de diferentes tipos de proyecto de instalaciones. nuestro equipo, se encarga de hacer un estudio previo exhaustivo de la infraestructura, adem\u00e1s de ofrecer un servicio personalizado de asesoramiento y de gesti\u00f3n del mismo proyecto de instalaci\u00f3n, seg\u00fan las necesidades de cada local, industria y\/o vivienda.","og_url":"https:\/\/bellavistaenginyeria.com\/es\/servicios-de-ingenieria\/proyectos-de-instalaciones\/","og_site_name":"Bellavista Enginyeria","article_modified_time":"2016-11-08T15:46:28+00:00","twitter_card":"summary_large_image","schema":{"@context":"https:\/\/schema.org","@graph":[{"@type":"WebPage","@id":"https:\/\/bellavistaenginyeria.com\/es\/servicios-de-ingenieria\/proyectos-de-instalaciones\/","url":"https:\/\/bellavistaenginyeria.com\/es\/servicios-de-ingenieria\/proyectos-de-instalaciones\/","name":"PROYECTOS DE INSTALACIONES - Bellavista Enginyeria","isPartOf":{"@id":"https:\/\/bellavistaenginyeria.com\/#website"},"datePublished":"2016-04-08T10:11:08+00:00","dateModified":"2016-11-08T15:46:28+00:00","breadcrumb":{"@id":"https:\/\/bellavistaenginyeria.com\/es\/servicios-de-ingenieria\/proyectos-de-instalaciones\/#breadcrumb"},"inLanguage":"es","potentialAction":[{"@type":"ReadAction","target":["https:\/\/bellavistaenginyeria.com\/es\/servicios-de-ingenieria\/proyectos-de-instalaciones\/"]}]},{"@type":"BreadcrumbList","@id":"https:\/\/bellavistaenginyeria.com\/es\/servicios-de-ingenieria\/proyectos-de-instalaciones\/#breadcrumb","itemListElement":[{"@type":"ListItem","position":1,"name":"Portada","item":"https:\/\/bellavistaenginyeria.com\/es\/"},{"@type":"ListItem","position":2,"name":"Servicios de ingenier\u00eda","item":"https:\/\/bellavistaenginyeria.com\/es\/servicios-de-ingenieria\/"},{"@type":"ListItem","position":3,"name":"PROYECTOS DE INSTALACIONES"}]},{"@type":"WebSite","@id":"https:\/\/bellavistaenginyeria.com\/#website","url":"https:\/\/bellavistaenginyeria.com\/","name":"Bellavista Enginyeria","description":"Enginyeria Granollers Barcelona","potentialAction":[{"@type":"SearchAction","target":{"@type":"EntryPoint","urlTemplate":"https:\/\/bellavistaenginyeria.com\/?s={search_term_string}"},"query-input":{"@type":"PropertyValueSpecification","valueRequired":true,"valueName":"search_term_string"}}],"inLanguage":"es"}]}},"_links":{"self":[{"href":"https:\/\/bellavistaenginyeria.com\/es\/wp-json\/wp\/v2\/pages\/1581","targetHints":{"allow":["GET"]}}],"collection":[{"href":"https:\/\/bellavistaenginyeria.com\/es\/wp-json\/wp\/v2\/pages"}],"about":[{"href":"https:\/\/bellavistaenginyeria.com\/es\/wp-json\/wp\/v2\/types\/page"}],"author":[{"embeddable":true,"href":"https:\/\/bellavistaenginyeria.com\/es\/wp-json\/wp\/v2\/users\/1"}],"replies":[{"embeddable":true,"href":"https:\/\/bellavistaenginyeria.com\/es\/wp-json\/wp\/v2\/comments?post=1581"}],"version-history":[{"count":4,"href":"https:\/\/bellavistaenginyeria.com\/es\/wp-json\/wp\/v2\/pages\/1581\/revisions"}],"predecessor-version":[{"id":1893,"href":"https:\/\/bellavistaenginyeria.com\/es\/wp-json\/wp\/v2\/pages\/1581\/revisions\/1893"}],"up":[{"embeddable":true,"href":"https:\/\/bellavistaenginyeria.com\/es\/wp-json\/wp\/v2\/pages\/1588"}],"wp:attachment":[{"href":"https:\/\/bellavistaenginyeria.com\/es\/wp-json\/wp\/v2\/media?parent=1581"}],"curies":[{"name":"wp","href":"https:\/\/api.w.org\/{rel}","templated":true}]}}