{"id":1582,"date":"2016-04-08T10:10:41","date_gmt":"2016-04-08T10:10:41","guid":{"rendered":"https:\/\/bellavistaenginyeria.com\/es\/gestio-integral-de-projectes-i-obres\/"},"modified":"2016-11-08T15:47:36","modified_gmt":"2016-11-08T15:47:36","slug":"gestion-integral-de-proyectos-y-obras","status":"publish","type":"page","link":"https:\/\/bellavistaenginyeria.com\/es\/servicios-de-ingenieria\/gestion-integral-de-proyectos-y-obras\/","title":{"rendered":"GESTI\u00d3N INTEGRAL DE PROYECTOS Y OBRAS"},"content":{"rendered":"<p><span style=\"font-weight: 400;\">Para ahorrar tiempo y preocupaciones al promotor y para que este tenga un solo interlocutor durante la fase de construcci\u00f3n de las obras e instalaciones, se propone la gesti\u00f3n integral del proyecto de construcci\u00f3n, mediante la coordinaci\u00f3n de los industriales que intervengan en la obra llevando a cabo las acciones siguientes:<\/span><\/p>\n","protected":false},"excerpt":{"rendered":"<p>Para ahorrar tiempo y preocupaciones al promotor y para que este tenga un solo interlocutor durante la fase de construcci\u00f3n de las obras e instalaciones, se propone la gesti\u00f3n integral del proyecto de construcci\u00f3n, mediante la coordinaci\u00f3n de los industriales que intervengan en la obra llevando a cabo las acciones siguientes:<\/p>\n","protected":false},"author":1,"featured_media":0,"parent":1588,"menu_order":0,"comment_status":"closed","ping_status":"closed","template":"page-serveisdins.php","meta":{"_acf_changed":false,"footnotes":""},"class_list":["post-1582","page","type-page","status-publish","hentry"],"acf":[],"yoast_head":"<!-- This site is optimized with the Yoast SEO plugin v26.0 - https:\/\/yoast.com\/wordpress\/plugins\/seo\/ -->\n<title>GESTI\u00d3N INTEGRAL DE PROYECTOS Y OBRAS - Bellavista Enginyeria<\/title>\n<meta name=\"robots\" content=\"index, follow, max-snippet:-1, max-image-preview:large, max-video-preview:-1\" \/>\n<link rel=\"canonical\" href=\"https:\/\/bellavistaenginyeria.com\/es\/servicios-de-ingenieria\/gestion-integral-de-proyectos-y-obras\/\" \/>\n<meta property=\"og:locale\" content=\"es_ES\" \/>\n<meta property=\"og:type\" content=\"article\" \/>\n<meta property=\"og:title\" content=\"GESTI\u00d3N INTEGRAL DE PROYECTOS Y OBRAS - Bellavista Enginyeria\" \/>\n<meta property=\"og:description\" content=\"Para ahorrar tiempo y preocupaciones al promotor y para que este tenga un solo interlocutor durante la fase de construcci\u00f3n de las obras e instalaciones, se propone la gesti\u00f3n integral del proyecto de construcci\u00f3n, mediante la coordinaci\u00f3n de los industriales que intervengan en la obra llevando a cabo las acciones siguientes:\" \/>\n<meta property=\"og:url\" content=\"https:\/\/bellavistaenginyeria.com\/es\/servicios-de-ingenieria\/gestion-integral-de-proyectos-y-obras\/\" \/>\n<meta property=\"og:site_name\" content=\"Bellavista Enginyeria\" \/>\n<meta property=\"article:modified_time\" content=\"2016-11-08T15:47:36+00:00\" \/>\n<meta name=\"twitter:card\" content=\"summary_large_image\" \/>\n<script type=\"application\/ld+json\" class=\"yoast-schema-graph\">{\"@context\":\"https:\/\/schema.org\",\"@graph\":[{\"@type\":\"WebPage\",\"@id\":\"https:\/\/bellavistaenginyeria.com\/es\/servicios-de-ingenieria\/gestion-integral-de-proyectos-y-obras\/\",\"url\":\"https:\/\/bellavistaenginyeria.com\/es\/servicios-de-ingenieria\/gestion-integral-de-proyectos-y-obras\/\",\"name\":\"GESTI\u00d3N INTEGRAL DE PROYECTOS Y OBRAS - Bellavista Enginyeria\",\"isPartOf\":{\"@id\":\"https:\/\/bellavistaenginyeria.com\/#website\"},\"datePublished\":\"2016-04-08T10:10:41+00:00\",\"dateModified\":\"2016-11-08T15:47:36+00:00\",\"breadcrumb\":{\"@id\":\"https:\/\/bellavistaenginyeria.com\/es\/servicios-de-ingenieria\/gestion-integral-de-proyectos-y-obras\/#breadcrumb\"},\"inLanguage\":\"es\",\"potentialAction\":[{\"@type\":\"ReadAction\",\"target\":[\"https:\/\/bellavistaenginyeria.com\/es\/servicios-de-ingenieria\/gestion-integral-de-proyectos-y-obras\/\"]}]},{\"@type\":\"BreadcrumbList\",\"@id\":\"https:\/\/bellavistaenginyeria.com\/es\/servicios-de-ingenieria\/gestion-integral-de-proyectos-y-obras\/#breadcrumb\",\"itemListElement\":[{\"@type\":\"ListItem\",\"position\":1,\"name\":\"Portada\",\"item\":\"https:\/\/bellavistaenginyeria.com\/es\/\"},{\"@type\":\"ListItem\",\"position\":2,\"name\":\"Servicios de ingenier\u00eda\",\"item\":\"https:\/\/bellavistaenginyeria.com\/es\/servicios-de-ingenieria\/\"},{\"@type\":\"ListItem\",\"position\":3,\"name\":\"GESTI\u00d3N INTEGRAL DE PROYECTOS Y OBRAS\"}]},{\"@type\":\"WebSite\",\"@id\":\"https:\/\/bellavistaenginyeria.com\/#website\",\"url\":\"https:\/\/bellavistaenginyeria.com\/\",\"name\":\"Bellavista Enginyeria\",\"description\":\"Enginyeria Granollers Barcelona\",\"potentialAction\":[{\"@type\":\"SearchAction\",\"target\":{\"@type\":\"EntryPoint\",\"urlTemplate\":\"https:\/\/bellavistaenginyeria.com\/?s={search_term_string}\"},\"query-input\":{\"@type\":\"PropertyValueSpecification\",\"valueRequired\":true,\"valueName\":\"search_term_string\"}}],\"inLanguage\":\"es\"}]}<\/script>\n<!-- \/ Yoast SEO plugin. -->","yoast_head_json":{"title":"GESTI\u00d3N INTEGRAL DE PROYECTOS Y OBRAS - Bellavista Enginyeria","robots":{"index":"index","follow":"follow","max-snippet":"max-snippet:-1","max-image-preview":"max-image-preview:large","max-video-preview":"max-video-preview:-1"},"canonical":"https:\/\/bellavistaenginyeria.com\/es\/servicios-de-ingenieria\/gestion-integral-de-proyectos-y-obras\/","og_locale":"es_ES","og_type":"article","og_title":"GESTI\u00d3N INTEGRAL DE PROYECTOS Y OBRAS - Bellavista Enginyeria","og_description":"Para ahorrar tiempo y preocupaciones al promotor y para que este tenga un solo interlocutor durante la fase de construcci\u00f3n de las obras e instalaciones, se propone la gesti\u00f3n integral del proyecto de construcci\u00f3n, mediante la coordinaci\u00f3n de los industriales que intervengan en la obra llevando a cabo las acciones siguientes:","og_url":"https:\/\/bellavistaenginyeria.com\/es\/servicios-de-ingenieria\/gestion-integral-de-proyectos-y-obras\/","og_site_name":"Bellavista Enginyeria","article_modified_time":"2016-11-08T15:47:36+00:00","twitter_card":"summary_large_image","schema":{"@context":"https:\/\/schema.org","@graph":[{"@type":"WebPage","@id":"https:\/\/bellavistaenginyeria.com\/es\/servicios-de-ingenieria\/gestion-integral-de-proyectos-y-obras\/","url":"https:\/\/bellavistaenginyeria.com\/es\/servicios-de-ingenieria\/gestion-integral-de-proyectos-y-obras\/","name":"GESTI\u00d3N INTEGRAL DE PROYECTOS Y OBRAS - Bellavista Enginyeria","isPartOf":{"@id":"https:\/\/bellavistaenginyeria.com\/#website"},"datePublished":"2016-04-08T10:10:41+00:00","dateModified":"2016-11-08T15:47:36+00:00","breadcrumb":{"@id":"https:\/\/bellavistaenginyeria.com\/es\/servicios-de-ingenieria\/gestion-integral-de-proyectos-y-obras\/#breadcrumb"},"inLanguage":"es","potentialAction":[{"@type":"ReadAction","target":["https:\/\/bellavistaenginyeria.com\/es\/servicios-de-ingenieria\/gestion-integral-de-proyectos-y-obras\/"]}]},{"@type":"BreadcrumbList","@id":"https:\/\/bellavistaenginyeria.com\/es\/servicios-de-ingenieria\/gestion-integral-de-proyectos-y-obras\/#breadcrumb","itemListElement":[{"@type":"ListItem","position":1,"name":"Portada","item":"https:\/\/bellavistaenginyeria.com\/es\/"},{"@type":"ListItem","position":2,"name":"Servicios de ingenier\u00eda","item":"https:\/\/bellavistaenginyeria.com\/es\/servicios-de-ingenieria\/"},{"@type":"ListItem","position":3,"name":"GESTI\u00d3N INTEGRAL DE PROYECTOS Y OBRAS"}]},{"@type":"WebSite","@id":"https:\/\/bellavistaenginyeria.com\/#website","url":"https:\/\/bellavistaenginyeria.com\/","name":"Bellavista Enginyeria","description":"Enginyeria Granollers Barcelona","potentialAction":[{"@type":"SearchAction","target":{"@type":"EntryPoint","urlTemplate":"https:\/\/bellavistaenginyeria.com\/?s={search_term_string}"},"query-input":{"@type":"PropertyValueSpecification","valueRequired":true,"valueName":"search_term_string"}}],"inLanguage":"es"}]}},"_links":{"self":[{"href":"https:\/\/bellavistaenginyeria.com\/es\/wp-json\/wp\/v2\/pages\/1582","targetHints":{"allow":["GET"]}}],"collection":[{"href":"https:\/\/bellavistaenginyeria.com\/es\/wp-json\/wp\/v2\/pages"}],"about":[{"href":"https:\/\/bellavistaenginyeria.com\/es\/wp-json\/wp\/v2\/types\/page"}],"author":[{"embeddable":true,"href":"https:\/\/bellavistaenginyeria.com\/es\/wp-json\/wp\/v2\/users\/1"}],"replies":[{"embeddable":true,"href":"https:\/\/bellavistaenginyeria.com\/es\/wp-json\/wp\/v2\/comments?post=1582"}],"version-history":[{"count":3,"href":"https:\/\/bellavistaenginyeria.com\/es\/wp-json\/wp\/v2\/pages\/1582\/revisions"}],"predecessor-version":[{"id":1894,"href":"https:\/\/bellavistaenginyeria.com\/es\/wp-json\/wp\/v2\/pages\/1582\/revisions\/1894"}],"up":[{"embeddable":true,"href":"https:\/\/bellavistaenginyeria.com\/es\/wp-json\/wp\/v2\/pages\/1588"}],"wp:attachment":[{"href":"https:\/\/bellavistaenginyeria.com\/es\/wp-json\/wp\/v2\/media?parent=1582"}],"curies":[{"name":"wp","href":"https:\/\/api.w.org\/{rel}","templated":true}]}}