{"id":1583,"date":"2016-04-07T08:06:58","date_gmt":"2016-04-07T08:06:58","guid":{"rendered":"https:\/\/bellavistaenginyeria.com\/es\/gestor-de-residus\/"},"modified":"2020-08-29T16:25:02","modified_gmt":"2020-08-29T16:25:02","slug":"gestor-de-residuos","status":"publish","type":"page","link":"https:\/\/bellavistaenginyeria.com\/es\/productos\/gestor-de-residuos\/","title":{"rendered":"GESTORES DE RESIDUOS"},"content":{"rendered":"<p>En Bellavista Enginyeria disponemos de una dilatada experiencia en el dise\u00f1o y construcci\u00f3n de plantas de tratamiento y valorizaci\u00f3n de residuos no peligrosos, como plantas para el tratamiento de residuos de papel, cart\u00f3n y pl\u00e1stico, plantas de selecci\u00f3n y triaje de residuos de envases, plantas de tratamiento de residuos met\u00e1licos y Centros de Transferencia de Residuos Peligrosos y RAEEs (CRT).<\/p>\n<p>Asesoramos a empresas de valorizaci\u00f3n de resiudos desde el inicio del proyecto mediante el dise\u00f1o de la planta, sus instalaciones y edificaciones, la tramitaci\u00f3n de licencias y permisos, hasta la direcci\u00f3n y coordinaci\u00f3n de las obras e instalaciones hasta que la planta entra en funcionamiento.<\/p>\n<p>Los servicios que ofrecemos a Gestors de Residus son, entre otros:<\/p>\n<ul>\n<li>Tramitaci\u00f3n de la licencia ambiental y del c\u00f3digo de gestor de residuos.<\/li>\n<li>Tramitaci\u00f3n de permisos para nuevas actividades y ampliaciones de actividades existentes.<\/li>\n<li>Tramitaci\u00f3n de licencias de obras de edificaci\u00f3n, reforma o rehabilitaci\u00f3n.<\/li>\n<li>Dise\u00f1o de las instalaciones y tramitaci\u00f3n de su legalizaci\u00f3n.<\/li>\n<li>Coordinaci\u00f3n y control de la ejecuci\u00f3n de las obras e instalaciones<\/li>\n<li>Asesoramiento medioambiental y realizaci\u00f3n de tramitaciones en Agencia de Residuos.<\/li>\n<li>Estudios, medidas y aislamiento de sonidos.<\/li>\n<\/ul>\n","protected":false},"excerpt":{"rendered":"<p>En Bellavista Enginyeria disponemos de una dilatada experiencia en el dise\u00f1o y construcci\u00f3n de plantas de tratamiento y valorizaci\u00f3n de residuos no peligrosos, como plantas para el tratamiento de residuos de papel, cart\u00f3n y pl\u00e1stico, plantas de selecci\u00f3n y triaje de residuos de envases, plantas de tratamiento de residuos met\u00e1licos y Centros de Transferencia de Residuos Peligrosos y RAEEs (CRT). Asesoramos a empresas de valorizaci\u00f3n de resiudos desde el inicio del proyecto mediante el dise\u00f1o de la planta, sus instalaciones y edificaciones, la tramitaci\u00f3n de licencias y permisos, hasta la direcci\u00f3n y coordinaci\u00f3n de las obras e instalaciones hasta que la planta entra en funcionamiento. Los servicios que ofrecemos a [&hellip;]<\/p>\n","protected":false},"author":1,"featured_media":0,"parent":1586,"menu_order":0,"comment_status":"closed","ping_status":"closed","template":"","meta":{"_acf_changed":false,"footnotes":""},"class_list":["post-1583","page","type-page","status-publish","hentry"],"acf":[],"yoast_head":"<!-- This site is optimized with the Yoast SEO plugin v26.0 - https:\/\/yoast.com\/wordpress\/plugins\/seo\/ -->\n<title>GESTORES DE RESIDUOS - Bellavista Enginyeria<\/title>\n<meta name=\"description\" content=\"Asesoramiento, tramitaci\u00f3n de licencias y permisos, y construcci\u00f3n de plantas de tratamiento y valorizaci\u00f3n de residuos no peligrosos. Gestores de residuos.\" \/>\n<meta name=\"robots\" content=\"index, follow, max-snippet:-1, max-image-preview:large, max-video-preview:-1\" \/>\n<link rel=\"canonical\" href=\"https:\/\/bellavistaenginyeria.com\/es\/productos\/gestor-de-residuos\/\" \/>\n<meta property=\"og:locale\" content=\"es_ES\" \/>\n<meta property=\"og:type\" content=\"article\" \/>\n<meta property=\"og:title\" content=\"GESTORES DE RESIDUOS - Bellavista Enginyeria\" \/>\n<meta property=\"og:description\" content=\"Asesoramiento, tramitaci\u00f3n de licencias y permisos, y construcci\u00f3n de plantas de tratamiento y valorizaci\u00f3n de residuos no peligrosos. Gestores de residuos.\" \/>\n<meta property=\"og:url\" content=\"https:\/\/bellavistaenginyeria.com\/es\/productos\/gestor-de-residuos\/\" \/>\n<meta property=\"og:site_name\" content=\"Bellavista Enginyeria\" \/>\n<meta property=\"article:modified_time\" content=\"2020-08-29T16:25:02+00:00\" \/>\n<meta name=\"twitter:card\" content=\"summary_large_image\" \/>\n<meta name=\"twitter:label1\" content=\"Tiempo de lectura\" \/>\n\t<meta name=\"twitter:data1\" content=\"1 minuto\" \/>\n<script type=\"application\/ld+json\" class=\"yoast-schema-graph\">{\"@context\":\"https:\/\/schema.org\",\"@graph\":[{\"@type\":\"WebPage\",\"@id\":\"https:\/\/bellavistaenginyeria.com\/es\/productos\/gestor-de-residuos\/\",\"url\":\"https:\/\/bellavistaenginyeria.com\/es\/productos\/gestor-de-residuos\/\",\"name\":\"GESTORES DE RESIDUOS - Bellavista Enginyeria\",\"isPartOf\":{\"@id\":\"https:\/\/bellavistaenginyeria.com\/#website\"},\"datePublished\":\"2016-04-07T08:06:58+00:00\",\"dateModified\":\"2020-08-29T16:25:02+00:00\",\"description\":\"Asesoramiento, tramitaci\u00f3n de licencias y permisos, y construcci\u00f3n de plantas de tratamiento y valorizaci\u00f3n de residuos no peligrosos. Gestores de residuos.\",\"breadcrumb\":{\"@id\":\"https:\/\/bellavistaenginyeria.com\/es\/productos\/gestor-de-residuos\/#breadcrumb\"},\"inLanguage\":\"es\",\"potentialAction\":[{\"@type\":\"ReadAction\",\"target\":[\"https:\/\/bellavistaenginyeria.com\/es\/productos\/gestor-de-residuos\/\"]}]},{\"@type\":\"BreadcrumbList\",\"@id\":\"https:\/\/bellavistaenginyeria.com\/es\/productos\/gestor-de-residuos\/#breadcrumb\",\"itemListElement\":[{\"@type\":\"ListItem\",\"position\":1,\"name\":\"Portada\",\"item\":\"https:\/\/bellavistaenginyeria.com\/es\/\"},{\"@type\":\"ListItem\",\"position\":2,\"name\":\"Productos\",\"item\":\"https:\/\/bellavistaenginyeria.com\/es\/productos\/\"},{\"@type\":\"ListItem\",\"position\":3,\"name\":\"GESTORES DE RESIDUOS\"}]},{\"@type\":\"WebSite\",\"@id\":\"https:\/\/bellavistaenginyeria.com\/#website\",\"url\":\"https:\/\/bellavistaenginyeria.com\/\",\"name\":\"Bellavista Enginyeria\",\"description\":\"Enginyeria Granollers Barcelona\",\"potentialAction\":[{\"@type\":\"SearchAction\",\"target\":{\"@type\":\"EntryPoint\",\"urlTemplate\":\"https:\/\/bellavistaenginyeria.com\/?s={search_term_string}\"},\"query-input\":{\"@type\":\"PropertyValueSpecification\",\"valueRequired\":true,\"valueName\":\"search_term_string\"}}],\"inLanguage\":\"es\"}]}<\/script>\n<!-- \/ Yoast SEO plugin. -->","yoast_head_json":{"title":"GESTORES DE RESIDUOS - Bellavista Enginyeria","description":"Asesoramiento, tramitaci\u00f3n de licencias y permisos, y construcci\u00f3n de plantas de tratamiento y valorizaci\u00f3n de residuos no peligrosos. Gestores de residuos.","robots":{"index":"index","follow":"follow","max-snippet":"max-snippet:-1","max-image-preview":"max-image-preview:large","max-video-preview":"max-video-preview:-1"},"canonical":"https:\/\/bellavistaenginyeria.com\/es\/productos\/gestor-de-residuos\/","og_locale":"es_ES","og_type":"article","og_title":"GESTORES DE RESIDUOS - Bellavista Enginyeria","og_description":"Asesoramiento, tramitaci\u00f3n de licencias y permisos, y construcci\u00f3n de plantas de tratamiento y valorizaci\u00f3n de residuos no peligrosos. Gestores de residuos.","og_url":"https:\/\/bellavistaenginyeria.com\/es\/productos\/gestor-de-residuos\/","og_site_name":"Bellavista Enginyeria","article_modified_time":"2020-08-29T16:25:02+00:00","twitter_card":"summary_large_image","twitter_misc":{"Tiempo de lectura":"1 minuto"},"schema":{"@context":"https:\/\/schema.org","@graph":[{"@type":"WebPage","@id":"https:\/\/bellavistaenginyeria.com\/es\/productos\/gestor-de-residuos\/","url":"https:\/\/bellavistaenginyeria.com\/es\/productos\/gestor-de-residuos\/","name":"GESTORES DE RESIDUOS - Bellavista Enginyeria","isPartOf":{"@id":"https:\/\/bellavistaenginyeria.com\/#website"},"datePublished":"2016-04-07T08:06:58+00:00","dateModified":"2020-08-29T16:25:02+00:00","description":"Asesoramiento, tramitaci\u00f3n de licencias y permisos, y construcci\u00f3n de plantas de tratamiento y valorizaci\u00f3n de residuos no peligrosos. Gestores de residuos.","breadcrumb":{"@id":"https:\/\/bellavistaenginyeria.com\/es\/productos\/gestor-de-residuos\/#breadcrumb"},"inLanguage":"es","potentialAction":[{"@type":"ReadAction","target":["https:\/\/bellavistaenginyeria.com\/es\/productos\/gestor-de-residuos\/"]}]},{"@type":"BreadcrumbList","@id":"https:\/\/bellavistaenginyeria.com\/es\/productos\/gestor-de-residuos\/#breadcrumb","itemListElement":[{"@type":"ListItem","position":1,"name":"Portada","item":"https:\/\/bellavistaenginyeria.com\/es\/"},{"@type":"ListItem","position":2,"name":"Productos","item":"https:\/\/bellavistaenginyeria.com\/es\/productos\/"},{"@type":"ListItem","position":3,"name":"GESTORES DE RESIDUOS"}]},{"@type":"WebSite","@id":"https:\/\/bellavistaenginyeria.com\/#website","url":"https:\/\/bellavistaenginyeria.com\/","name":"Bellavista Enginyeria","description":"Enginyeria Granollers Barcelona","potentialAction":[{"@type":"SearchAction","target":{"@type":"EntryPoint","urlTemplate":"https:\/\/bellavistaenginyeria.com\/?s={search_term_string}"},"query-input":{"@type":"PropertyValueSpecification","valueRequired":true,"valueName":"search_term_string"}}],"inLanguage":"es"}]}},"_links":{"self":[{"href":"https:\/\/bellavistaenginyeria.com\/es\/wp-json\/wp\/v2\/pages\/1583","targetHints":{"allow":["GET"]}}],"collection":[{"href":"https:\/\/bellavistaenginyeria.com\/es\/wp-json\/wp\/v2\/pages"}],"about":[{"href":"https:\/\/bellavistaenginyeria.com\/es\/wp-json\/wp\/v2\/types\/page"}],"author":[{"embeddable":true,"href":"https:\/\/bellavistaenginyeria.com\/es\/wp-json\/wp\/v2\/users\/1"}],"replies":[{"embeddable":true,"href":"https:\/\/bellavistaenginyeria.com\/es\/wp-json\/wp\/v2\/comments?post=1583"}],"version-history":[{"count":4,"href":"https:\/\/bellavistaenginyeria.com\/es\/wp-json\/wp\/v2\/pages\/1583\/revisions"}],"predecessor-version":[{"id":2741,"href":"https:\/\/bellavistaenginyeria.com\/es\/wp-json\/wp\/v2\/pages\/1583\/revisions\/2741"}],"up":[{"embeddable":true,"href":"https:\/\/bellavistaenginyeria.com\/es\/wp-json\/wp\/v2\/pages\/1586"}],"wp:attachment":[{"href":"https:\/\/bellavistaenginyeria.com\/es\/wp-json\/wp\/v2\/media?parent=1583"}],"curies":[{"name":"wp","href":"https:\/\/api.w.org\/{rel}","templated":true}]}}