{"id":1584,"date":"2016-04-07T08:06:43","date_gmt":"2016-04-07T08:06:43","guid":{"rendered":"https:\/\/bellavistaenginyeria.com\/es\/uei\/"},"modified":"2016-09-07T07:45:22","modified_gmt":"2016-09-07T07:45:22","slug":"uei","status":"publish","type":"page","link":"https:\/\/bellavistaenginyeria.com\/es\/productos\/uei\/","title":{"rendered":"UEI &#8211; UNI\u00d3N EMPRESARIAL INTERSECTORIAL"},"content":{"rendered":"<p><span style=\"font-weight: 400;\">Bellavista Enginyeria y la Uni\u00f3n de Empresarios de Automoci\u00f3n, como integrante de la Uni\u00f3n Empresarial Intersectorial, tenemos establecido un convenio de colaboraci\u00f3n con tal de poder dar un trato diferenciado a sus agremiados, en todos los campos de trabajo y en especial poder asesorarlos en los campos siguientes.<\/span><\/p>\n<ul>\n<li style=\"font-weight: 400;\"><span style=\"font-weight: 400;\">Tramitaci\u00f3n de permisos para nuevos talleres o actividades relacionadas y ampliaciones de actividades existentes.<\/span><\/li>\n<li style=\"font-weight: 400;\"><span style=\"font-weight: 400;\">Tramitaci\u00f3n de licencias de obras, reforma o rehabilitaci\u00f3n.<\/span><\/li>\n<li style=\"font-weight: 400;\"><span style=\"font-weight: 400;\">Dise\u00f1o de las instalaciones y tramitaci\u00f3n de su legalizaci\u00f3n.<\/span><\/li>\n<li style=\"font-weight: 400;\"><span style=\"font-weight: 400;\">Tramitaci\u00f3n del Registro Industrial y de obtenci\u00f3n de la placa del taller.<\/span><\/li>\n<li style=\"font-weight: 400;\"><span style=\"font-weight: 400;\">Asesoramiento medioambiental en la gesti\u00f3n de residuos, aguas residuales y humos.<\/span><\/li>\n<li style=\"font-weight: 400;\"><span style=\"font-weight: 400;\">Estudios y medidas de sonido.<\/span><\/li>\n<li style=\"font-weight: 400;\"><span style=\"font-weight: 400;\">Coordinaci\u00f3n y control de la ejecuci\u00f3n de las obras e instalaciones.<\/span><\/li>\n<\/ul>\n<p>&nbsp;<\/p>\n<p><img loading=\"lazy\" decoding=\"async\" class=\"aligncenter wp-image-1554\" style=\"margin: 0 auto; display: -webkit-box;\" src=\"https:\/\/bellavistaenginyeria.com\/wp-content\/uploads\/2016\/04\/uei-1.jpg\" alt=\"\" width=\"150\" height=\"85\" \/><\/p>\n<p>&nbsp;<\/p>\n","protected":false},"excerpt":{"rendered":"<p>Bellavista Enginyeria y la Uni\u00f3n de Empresarios de Automoci\u00f3n, como integrante de la Uni\u00f3n Empresarial Intersectorial, tenemos establecido un convenio de colaboraci\u00f3n con tal de poder dar un trato diferenciado a sus agremiados, en todos los campos de trabajo y en especial poder asesorarlos en los campos siguientes. Tramitaci\u00f3n de permisos para nuevos talleres o actividades relacionadas y ampliaciones de actividades existentes. Tramitaci\u00f3n de licencias de obras, reforma o rehabilitaci\u00f3n. Dise\u00f1o de las instalaciones y tramitaci\u00f3n de su legalizaci\u00f3n. Tramitaci\u00f3n del Registro Industrial y de obtenci\u00f3n de la placa del taller. Asesoramiento medioambiental en la gesti\u00f3n de residuos, aguas residuales y humos. Estudios y medidas de sonido. Coordinaci\u00f3n y control [&hellip;]<\/p>\n","protected":false},"author":1,"featured_media":0,"parent":1586,"menu_order":0,"comment_status":"closed","ping_status":"closed","template":"","meta":{"_acf_changed":false,"footnotes":""},"class_list":["post-1584","page","type-page","status-publish","hentry"],"acf":[],"yoast_head":"<!-- This site is optimized with the Yoast SEO plugin v26.0 - https:\/\/yoast.com\/wordpress\/plugins\/seo\/ -->\n<title>UEI - UNI\u00d3N EMPRESARIAL INTERSECTORIAL - Bellavista Enginyeria<\/title>\n<meta name=\"robots\" content=\"index, follow, max-snippet:-1, max-image-preview:large, max-video-preview:-1\" \/>\n<link rel=\"canonical\" href=\"https:\/\/bellavistaenginyeria.com\/es\/productos\/uei\/\" \/>\n<meta property=\"og:locale\" content=\"es_ES\" \/>\n<meta property=\"og:type\" content=\"article\" \/>\n<meta property=\"og:title\" content=\"UEI - UNI\u00d3N EMPRESARIAL INTERSECTORIAL - Bellavista Enginyeria\" \/>\n<meta property=\"og:description\" content=\"Bellavista Enginyeria y la Uni\u00f3n de Empresarios de Automoci\u00f3n, como integrante de la Uni\u00f3n Empresarial Intersectorial, tenemos establecido un convenio de colaboraci\u00f3n con tal de poder dar un trato diferenciado a sus agremiados, en todos los campos de trabajo y en especial poder asesorarlos en los campos siguientes. Tramitaci\u00f3n de permisos para nuevos talleres o actividades relacionadas y ampliaciones de actividades existentes. Tramitaci\u00f3n de licencias de obras, reforma o rehabilitaci\u00f3n. Dise\u00f1o de las instalaciones y tramitaci\u00f3n de su legalizaci\u00f3n. Tramitaci\u00f3n del Registro Industrial y de obtenci\u00f3n de la placa del taller. Asesoramiento medioambiental en la gesti\u00f3n de residuos, aguas residuales y humos. Estudios y medidas de sonido. Coordinaci\u00f3n y control [&hellip;]\" \/>\n<meta property=\"og:url\" content=\"https:\/\/bellavistaenginyeria.com\/es\/productos\/uei\/\" \/>\n<meta property=\"og:site_name\" content=\"Bellavista Enginyeria\" \/>\n<meta property=\"article:modified_time\" content=\"2016-09-07T07:45:22+00:00\" \/>\n<meta property=\"og:image\" content=\"https:\/\/bellavistaenginyeria.com\/wp-content\/uploads\/2016\/04\/uei-1.jpg\" \/>\n<meta name=\"twitter:card\" content=\"summary_large_image\" \/>\n<meta name=\"twitter:label1\" content=\"Tiempo de lectura\" \/>\n\t<meta name=\"twitter:data1\" content=\"1 minuto\" \/>\n<script type=\"application\/ld+json\" class=\"yoast-schema-graph\">{\"@context\":\"https:\/\/schema.org\",\"@graph\":[{\"@type\":\"WebPage\",\"@id\":\"https:\/\/bellavistaenginyeria.com\/es\/productos\/uei\/\",\"url\":\"https:\/\/bellavistaenginyeria.com\/es\/productos\/uei\/\",\"name\":\"UEI - UNI\u00d3N EMPRESARIAL INTERSECTORIAL - Bellavista Enginyeria\",\"isPartOf\":{\"@id\":\"https:\/\/bellavistaenginyeria.com\/#website\"},\"primaryImageOfPage\":{\"@id\":\"https:\/\/bellavistaenginyeria.com\/es\/productos\/uei\/#primaryimage\"},\"image\":{\"@id\":\"https:\/\/bellavistaenginyeria.com\/es\/productos\/uei\/#primaryimage\"},\"thumbnailUrl\":\"https:\/\/bellavistaenginyeria.com\/wp-content\/uploads\/2016\/04\/uei-1.jpg\",\"datePublished\":\"2016-04-07T08:06:43+00:00\",\"dateModified\":\"2016-09-07T07:45:22+00:00\",\"breadcrumb\":{\"@id\":\"https:\/\/bellavistaenginyeria.com\/es\/productos\/uei\/#breadcrumb\"},\"inLanguage\":\"es\",\"potentialAction\":[{\"@type\":\"ReadAction\",\"target\":[\"https:\/\/bellavistaenginyeria.com\/es\/productos\/uei\/\"]}]},{\"@type\":\"ImageObject\",\"inLanguage\":\"es\",\"@id\":\"https:\/\/bellavistaenginyeria.com\/es\/productos\/uei\/#primaryimage\",\"url\":\"https:\/\/bellavistaenginyeria.com\/wp-content\/uploads\/2016\/04\/uei-1.jpg\",\"contentUrl\":\"https:\/\/bellavistaenginyeria.com\/wp-content\/uploads\/2016\/04\/uei-1.jpg\"},{\"@type\":\"BreadcrumbList\",\"@id\":\"https:\/\/bellavistaenginyeria.com\/es\/productos\/uei\/#breadcrumb\",\"itemListElement\":[{\"@type\":\"ListItem\",\"position\":1,\"name\":\"Portada\",\"item\":\"https:\/\/bellavistaenginyeria.com\/es\/\"},{\"@type\":\"ListItem\",\"position\":2,\"name\":\"Productos\",\"item\":\"https:\/\/bellavistaenginyeria.com\/es\/productos\/\"},{\"@type\":\"ListItem\",\"position\":3,\"name\":\"UEI &#8211; UNI\u00d3N EMPRESARIAL INTERSECTORIAL\"}]},{\"@type\":\"WebSite\",\"@id\":\"https:\/\/bellavistaenginyeria.com\/#website\",\"url\":\"https:\/\/bellavistaenginyeria.com\/\",\"name\":\"Bellavista Enginyeria\",\"description\":\"Enginyeria Granollers Barcelona\",\"potentialAction\":[{\"@type\":\"SearchAction\",\"target\":{\"@type\":\"EntryPoint\",\"urlTemplate\":\"https:\/\/bellavistaenginyeria.com\/?s={search_term_string}\"},\"query-input\":{\"@type\":\"PropertyValueSpecification\",\"valueRequired\":true,\"valueName\":\"search_term_string\"}}],\"inLanguage\":\"es\"}]}<\/script>\n<!-- \/ Yoast SEO plugin. -->","yoast_head_json":{"title":"UEI - UNI\u00d3N EMPRESARIAL INTERSECTORIAL - Bellavista Enginyeria","robots":{"index":"index","follow":"follow","max-snippet":"max-snippet:-1","max-image-preview":"max-image-preview:large","max-video-preview":"max-video-preview:-1"},"canonical":"https:\/\/bellavistaenginyeria.com\/es\/productos\/uei\/","og_locale":"es_ES","og_type":"article","og_title":"UEI - UNI\u00d3N EMPRESARIAL INTERSECTORIAL - Bellavista Enginyeria","og_description":"Bellavista Enginyeria y la Uni\u00f3n de Empresarios de Automoci\u00f3n, como integrante de la Uni\u00f3n Empresarial Intersectorial, tenemos establecido un convenio de colaboraci\u00f3n con tal de poder dar un trato diferenciado a sus agremiados, en todos los campos de trabajo y en especial poder asesorarlos en los campos siguientes. Tramitaci\u00f3n de permisos para nuevos talleres o actividades relacionadas y ampliaciones de actividades existentes. Tramitaci\u00f3n de licencias de obras, reforma o rehabilitaci\u00f3n. Dise\u00f1o de las instalaciones y tramitaci\u00f3n de su legalizaci\u00f3n. Tramitaci\u00f3n del Registro Industrial y de obtenci\u00f3n de la placa del taller. Asesoramiento medioambiental en la gesti\u00f3n de residuos, aguas residuales y humos. Estudios y medidas de sonido. Coordinaci\u00f3n y control [&hellip;]","og_url":"https:\/\/bellavistaenginyeria.com\/es\/productos\/uei\/","og_site_name":"Bellavista Enginyeria","article_modified_time":"2016-09-07T07:45:22+00:00","og_image":[{"url":"https:\/\/bellavistaenginyeria.com\/wp-content\/uploads\/2016\/04\/uei-1.jpg","type":"","width":"","height":""}],"twitter_card":"summary_large_image","twitter_misc":{"Tiempo de lectura":"1 minuto"},"schema":{"@context":"https:\/\/schema.org","@graph":[{"@type":"WebPage","@id":"https:\/\/bellavistaenginyeria.com\/es\/productos\/uei\/","url":"https:\/\/bellavistaenginyeria.com\/es\/productos\/uei\/","name":"UEI - UNI\u00d3N EMPRESARIAL INTERSECTORIAL - Bellavista Enginyeria","isPartOf":{"@id":"https:\/\/bellavistaenginyeria.com\/#website"},"primaryImageOfPage":{"@id":"https:\/\/bellavistaenginyeria.com\/es\/productos\/uei\/#primaryimage"},"image":{"@id":"https:\/\/bellavistaenginyeria.com\/es\/productos\/uei\/#primaryimage"},"thumbnailUrl":"https:\/\/bellavistaenginyeria.com\/wp-content\/uploads\/2016\/04\/uei-1.jpg","datePublished":"2016-04-07T08:06:43+00:00","dateModified":"2016-09-07T07:45:22+00:00","breadcrumb":{"@id":"https:\/\/bellavistaenginyeria.com\/es\/productos\/uei\/#breadcrumb"},"inLanguage":"es","potentialAction":[{"@type":"ReadAction","target":["https:\/\/bellavistaenginyeria.com\/es\/productos\/uei\/"]}]},{"@type":"ImageObject","inLanguage":"es","@id":"https:\/\/bellavistaenginyeria.com\/es\/productos\/uei\/#primaryimage","url":"https:\/\/bellavistaenginyeria.com\/wp-content\/uploads\/2016\/04\/uei-1.jpg","contentUrl":"https:\/\/bellavistaenginyeria.com\/wp-content\/uploads\/2016\/04\/uei-1.jpg"},{"@type":"BreadcrumbList","@id":"https:\/\/bellavistaenginyeria.com\/es\/productos\/uei\/#breadcrumb","itemListElement":[{"@type":"ListItem","position":1,"name":"Portada","item":"https:\/\/bellavistaenginyeria.com\/es\/"},{"@type":"ListItem","position":2,"name":"Productos","item":"https:\/\/bellavistaenginyeria.com\/es\/productos\/"},{"@type":"ListItem","position":3,"name":"UEI &#8211; UNI\u00d3N EMPRESARIAL INTERSECTORIAL"}]},{"@type":"WebSite","@id":"https:\/\/bellavistaenginyeria.com\/#website","url":"https:\/\/bellavistaenginyeria.com\/","name":"Bellavista Enginyeria","description":"Enginyeria Granollers Barcelona","potentialAction":[{"@type":"SearchAction","target":{"@type":"EntryPoint","urlTemplate":"https:\/\/bellavistaenginyeria.com\/?s={search_term_string}"},"query-input":{"@type":"PropertyValueSpecification","valueRequired":true,"valueName":"search_term_string"}}],"inLanguage":"es"}]}},"_links":{"self":[{"href":"https:\/\/bellavistaenginyeria.com\/es\/wp-json\/wp\/v2\/pages\/1584","targetHints":{"allow":["GET"]}}],"collection":[{"href":"https:\/\/bellavistaenginyeria.com\/es\/wp-json\/wp\/v2\/pages"}],"about":[{"href":"https:\/\/bellavistaenginyeria.com\/es\/wp-json\/wp\/v2\/types\/page"}],"author":[{"embeddable":true,"href":"https:\/\/bellavistaenginyeria.com\/es\/wp-json\/wp\/v2\/users\/1"}],"replies":[{"embeddable":true,"href":"https:\/\/bellavistaenginyeria.com\/es\/wp-json\/wp\/v2\/comments?post=1584"}],"version-history":[{"count":1,"href":"https:\/\/bellavistaenginyeria.com\/es\/wp-json\/wp\/v2\/pages\/1584\/revisions"}],"predecessor-version":[{"id":1648,"href":"https:\/\/bellavistaenginyeria.com\/es\/wp-json\/wp\/v2\/pages\/1584\/revisions\/1648"}],"up":[{"embeddable":true,"href":"https:\/\/bellavistaenginyeria.com\/es\/wp-json\/wp\/v2\/pages\/1586"}],"wp:attachment":[{"href":"https:\/\/bellavistaenginyeria.com\/es\/wp-json\/wp\/v2\/media?parent=1584"}],"curies":[{"name":"wp","href":"https:\/\/api.w.org\/{rel}","templated":true}]}}