{"id":1585,"date":"2016-04-07T08:06:29","date_gmt":"2016-04-07T08:06:29","guid":{"rendered":"https:\/\/bellavistaenginyeria.com\/es\/sales-blanques\/"},"modified":"2016-09-07T07:45:56","modified_gmt":"2016-09-07T07:45:56","slug":"sales-blanques","status":"publish","type":"page","link":"https:\/\/bellavistaenginyeria.com\/es\/productos\/sales-blanques\/","title":{"rendered":"SALAS BLANCAS"},"content":{"rendered":"<p><span style=\"font-weight: 400;\">En Bellavista Enginyeria ofrecemos soluciones de dise\u00f1o y asesoramiento integral en la ejecuci\u00f3n de salas blancas para diferentes sectores:<\/span><\/p>\n<ul>\n<li style=\"font-weight: 400;\"><span style=\"font-weight: 400;\">Industria farmac\u00e9utica<\/span><\/li>\n<li style=\"font-weight: 400;\"><span style=\"font-weight: 400;\">Industria cosm\u00e9tica<\/span><\/li>\n<li style=\"font-weight: 400;\"><span style=\"font-weight: 400;\">Fabricaci\u00f3n de vidrios<\/span><\/li>\n<li style=\"font-weight: 400;\"><span style=\"font-weight: 400;\">Fabricaci\u00f3n de materiales m\u00e9dicos y quir\u00fargicos<\/span><\/li>\n<li style=\"font-weight: 400;\"><span style=\"font-weight: 400;\">\u2026<\/span><\/li>\n<\/ul>\n<p><span style=\"font-weight: 400;\">Participamos e intervenimos en todas las fases desde el dise\u00f1o hasta la validaci\u00f3n de las salas.<\/span><\/p>\n","protected":false},"excerpt":{"rendered":"<p>En Bellavista Enginyeria ofrecemos soluciones de dise\u00f1o y asesoramiento integral en la ejecuci\u00f3n de salas blancas para diferentes sectores: Industria farmac\u00e9utica Industria cosm\u00e9tica Fabricaci\u00f3n de vidrios Fabricaci\u00f3n de materiales m\u00e9dicos y quir\u00fargicos \u2026 Participamos e intervenimos en todas las fases desde el dise\u00f1o hasta la validaci\u00f3n de las salas.<\/p>\n","protected":false},"author":1,"featured_media":0,"parent":1586,"menu_order":0,"comment_status":"closed","ping_status":"closed","template":"","meta":{"_acf_changed":false,"footnotes":""},"class_list":["post-1585","page","type-page","status-publish","hentry"],"acf":[],"yoast_head":"<!-- This site is optimized with the Yoast SEO plugin v26.0 - https:\/\/yoast.com\/wordpress\/plugins\/seo\/ -->\n<title>SALAS BLANCAS - Bellavista Enginyeria<\/title>\n<meta name=\"robots\" content=\"index, follow, max-snippet:-1, max-image-preview:large, max-video-preview:-1\" \/>\n<link rel=\"canonical\" href=\"https:\/\/bellavistaenginyeria.com\/es\/productos\/sales-blanques\/\" \/>\n<meta property=\"og:locale\" content=\"es_ES\" \/>\n<meta property=\"og:type\" content=\"article\" \/>\n<meta property=\"og:title\" content=\"SALAS BLANCAS - Bellavista Enginyeria\" \/>\n<meta property=\"og:description\" content=\"En Bellavista Enginyeria ofrecemos soluciones de dise\u00f1o y asesoramiento integral en la ejecuci\u00f3n de salas blancas para diferentes sectores: Industria farmac\u00e9utica Industria cosm\u00e9tica Fabricaci\u00f3n de vidrios Fabricaci\u00f3n de materiales m\u00e9dicos y quir\u00fargicos \u2026 Participamos e intervenimos en todas las fases desde el dise\u00f1o hasta la validaci\u00f3n de las salas.\" \/>\n<meta property=\"og:url\" content=\"https:\/\/bellavistaenginyeria.com\/es\/productos\/sales-blanques\/\" \/>\n<meta property=\"og:site_name\" content=\"Bellavista Enginyeria\" \/>\n<meta property=\"article:modified_time\" content=\"2016-09-07T07:45:56+00:00\" \/>\n<meta name=\"twitter:card\" content=\"summary_large_image\" \/>\n<script type=\"application\/ld+json\" class=\"yoast-schema-graph\">{\"@context\":\"https:\/\/schema.org\",\"@graph\":[{\"@type\":\"WebPage\",\"@id\":\"https:\/\/bellavistaenginyeria.com\/es\/productos\/sales-blanques\/\",\"url\":\"https:\/\/bellavistaenginyeria.com\/es\/productos\/sales-blanques\/\",\"name\":\"SALAS BLANCAS - Bellavista Enginyeria\",\"isPartOf\":{\"@id\":\"https:\/\/bellavistaenginyeria.com\/#website\"},\"datePublished\":\"2016-04-07T08:06:29+00:00\",\"dateModified\":\"2016-09-07T07:45:56+00:00\",\"breadcrumb\":{\"@id\":\"https:\/\/bellavistaenginyeria.com\/es\/productos\/sales-blanques\/#breadcrumb\"},\"inLanguage\":\"es\",\"potentialAction\":[{\"@type\":\"ReadAction\",\"target\":[\"https:\/\/bellavistaenginyeria.com\/es\/productos\/sales-blanques\/\"]}]},{\"@type\":\"BreadcrumbList\",\"@id\":\"https:\/\/bellavistaenginyeria.com\/es\/productos\/sales-blanques\/#breadcrumb\",\"itemListElement\":[{\"@type\":\"ListItem\",\"position\":1,\"name\":\"Portada\",\"item\":\"https:\/\/bellavistaenginyeria.com\/es\/\"},{\"@type\":\"ListItem\",\"position\":2,\"name\":\"Productos\",\"item\":\"https:\/\/bellavistaenginyeria.com\/es\/productos\/\"},{\"@type\":\"ListItem\",\"position\":3,\"name\":\"SALAS BLANCAS\"}]},{\"@type\":\"WebSite\",\"@id\":\"https:\/\/bellavistaenginyeria.com\/#website\",\"url\":\"https:\/\/bellavistaenginyeria.com\/\",\"name\":\"Bellavista Enginyeria\",\"description\":\"Enginyeria Granollers Barcelona\",\"potentialAction\":[{\"@type\":\"SearchAction\",\"target\":{\"@type\":\"EntryPoint\",\"urlTemplate\":\"https:\/\/bellavistaenginyeria.com\/?s={search_term_string}\"},\"query-input\":{\"@type\":\"PropertyValueSpecification\",\"valueRequired\":true,\"valueName\":\"search_term_string\"}}],\"inLanguage\":\"es\"}]}<\/script>\n<!-- \/ Yoast SEO plugin. -->","yoast_head_json":{"title":"SALAS BLANCAS - Bellavista Enginyeria","robots":{"index":"index","follow":"follow","max-snippet":"max-snippet:-1","max-image-preview":"max-image-preview:large","max-video-preview":"max-video-preview:-1"},"canonical":"https:\/\/bellavistaenginyeria.com\/es\/productos\/sales-blanques\/","og_locale":"es_ES","og_type":"article","og_title":"SALAS BLANCAS - Bellavista Enginyeria","og_description":"En Bellavista Enginyeria ofrecemos soluciones de dise\u00f1o y asesoramiento integral en la ejecuci\u00f3n de salas blancas para diferentes sectores: Industria farmac\u00e9utica Industria cosm\u00e9tica Fabricaci\u00f3n de vidrios Fabricaci\u00f3n de materiales m\u00e9dicos y quir\u00fargicos \u2026 Participamos e intervenimos en todas las fases desde el dise\u00f1o hasta la validaci\u00f3n de las salas.","og_url":"https:\/\/bellavistaenginyeria.com\/es\/productos\/sales-blanques\/","og_site_name":"Bellavista Enginyeria","article_modified_time":"2016-09-07T07:45:56+00:00","twitter_card":"summary_large_image","schema":{"@context":"https:\/\/schema.org","@graph":[{"@type":"WebPage","@id":"https:\/\/bellavistaenginyeria.com\/es\/productos\/sales-blanques\/","url":"https:\/\/bellavistaenginyeria.com\/es\/productos\/sales-blanques\/","name":"SALAS BLANCAS - Bellavista Enginyeria","isPartOf":{"@id":"https:\/\/bellavistaenginyeria.com\/#website"},"datePublished":"2016-04-07T08:06:29+00:00","dateModified":"2016-09-07T07:45:56+00:00","breadcrumb":{"@id":"https:\/\/bellavistaenginyeria.com\/es\/productos\/sales-blanques\/#breadcrumb"},"inLanguage":"es","potentialAction":[{"@type":"ReadAction","target":["https:\/\/bellavistaenginyeria.com\/es\/productos\/sales-blanques\/"]}]},{"@type":"BreadcrumbList","@id":"https:\/\/bellavistaenginyeria.com\/es\/productos\/sales-blanques\/#breadcrumb","itemListElement":[{"@type":"ListItem","position":1,"name":"Portada","item":"https:\/\/bellavistaenginyeria.com\/es\/"},{"@type":"ListItem","position":2,"name":"Productos","item":"https:\/\/bellavistaenginyeria.com\/es\/productos\/"},{"@type":"ListItem","position":3,"name":"SALAS BLANCAS"}]},{"@type":"WebSite","@id":"https:\/\/bellavistaenginyeria.com\/#website","url":"https:\/\/bellavistaenginyeria.com\/","name":"Bellavista Enginyeria","description":"Enginyeria Granollers Barcelona","potentialAction":[{"@type":"SearchAction","target":{"@type":"EntryPoint","urlTemplate":"https:\/\/bellavistaenginyeria.com\/?s={search_term_string}"},"query-input":{"@type":"PropertyValueSpecification","valueRequired":true,"valueName":"search_term_string"}}],"inLanguage":"es"}]}},"_links":{"self":[{"href":"https:\/\/bellavistaenginyeria.com\/es\/wp-json\/wp\/v2\/pages\/1585","targetHints":{"allow":["GET"]}}],"collection":[{"href":"https:\/\/bellavistaenginyeria.com\/es\/wp-json\/wp\/v2\/pages"}],"about":[{"href":"https:\/\/bellavistaenginyeria.com\/es\/wp-json\/wp\/v2\/types\/page"}],"author":[{"embeddable":true,"href":"https:\/\/bellavistaenginyeria.com\/es\/wp-json\/wp\/v2\/users\/1"}],"replies":[{"embeddable":true,"href":"https:\/\/bellavistaenginyeria.com\/es\/wp-json\/wp\/v2\/comments?post=1585"}],"version-history":[{"count":1,"href":"https:\/\/bellavistaenginyeria.com\/es\/wp-json\/wp\/v2\/pages\/1585\/revisions"}],"predecessor-version":[{"id":1649,"href":"https:\/\/bellavistaenginyeria.com\/es\/wp-json\/wp\/v2\/pages\/1585\/revisions\/1649"}],"up":[{"embeddable":true,"href":"https:\/\/bellavistaenginyeria.com\/es\/wp-json\/wp\/v2\/pages\/1586"}],"wp:attachment":[{"href":"https:\/\/bellavistaenginyeria.com\/es\/wp-json\/wp\/v2\/media?parent=1585"}],"curies":[{"name":"wp","href":"https:\/\/api.w.org\/{rel}","templated":true}]}}