{"id":1587,"date":"2016-04-06T13:13:39","date_gmt":"2016-04-06T13:13:39","guid":{"rendered":"https:\/\/bellavistaenginyeria.com\/es\/projectes-dobra\/"},"modified":"2016-11-08T15:16:44","modified_gmt":"2016-11-08T15:16:44","slug":"proyectos-de-obras","status":"publish","type":"page","link":"https:\/\/bellavistaenginyeria.com\/es\/servicios-de-ingenieria\/proyectos-de-obras\/","title":{"rendered":"PROYECTOS DE OBRA"},"content":{"rendered":"<p><span style=\"font-weight: 400;\">Nuestro equipo de profesionales se har\u00e1 cargo de todo lo necesario para la posterior construcci\u00f3n de las obras e instalaciones: los documentos iniciales, el dise\u00f1o, la distribuci\u00f3n de usos y espacios, los materiales y tecnolog\u00edas que se emplear\u00e1n\u2026 En definitiva, en Bellavista Enginyeria nos encargamos de crear las bases de cualquier proyecto de obra.<\/span><\/p>\n","protected":false},"excerpt":{"rendered":"<p>Nuestro equipo de profesionales se har\u00e1 cargo de todo lo necesario para la posterior construcci\u00f3n de las obras e instalaciones: los documentos iniciales, el dise\u00f1o, la distribuci\u00f3n de usos y espacios, los materiales y tecnolog\u00edas que se emplear\u00e1n\u2026 En definitiva, en Bellavista Enginyeria nos encargamos de crear las bases de cualquier proyecto de obra.<\/p>\n","protected":false},"author":1,"featured_media":0,"parent":1588,"menu_order":0,"comment_status":"closed","ping_status":"closed","template":"page-serveisdins.php","meta":{"_acf_changed":false,"footnotes":""},"class_list":["post-1587","page","type-page","status-publish","hentry"],"acf":[],"yoast_head":"<!-- This site is optimized with the Yoast SEO plugin v26.0 - https:\/\/yoast.com\/wordpress\/plugins\/seo\/ -->\n<title>PROYECTOS DE OBRA - Bellavista Enginyeria<\/title>\n<meta name=\"robots\" content=\"index, follow, max-snippet:-1, max-image-preview:large, max-video-preview:-1\" \/>\n<link rel=\"canonical\" href=\"https:\/\/bellavistaenginyeria.com\/es\/servicios-de-ingenieria\/proyectos-de-obras\/\" \/>\n<meta property=\"og:locale\" content=\"es_ES\" \/>\n<meta property=\"og:type\" content=\"article\" \/>\n<meta property=\"og:title\" content=\"PROYECTOS DE OBRA - Bellavista Enginyeria\" \/>\n<meta property=\"og:description\" content=\"Nuestro equipo de profesionales se har\u00e1 cargo de todo lo necesario para la posterior construcci\u00f3n de las obras e instalaciones: los documentos iniciales, el dise\u00f1o, la distribuci\u00f3n de usos y espacios, los materiales y tecnolog\u00edas que se emplear\u00e1n\u2026 En definitiva, en Bellavista Enginyeria nos encargamos de crear las bases de cualquier proyecto de obra.\" \/>\n<meta property=\"og:url\" content=\"https:\/\/bellavistaenginyeria.com\/es\/servicios-de-ingenieria\/proyectos-de-obras\/\" \/>\n<meta property=\"og:site_name\" content=\"Bellavista Enginyeria\" \/>\n<meta property=\"article:modified_time\" content=\"2016-11-08T15:16:44+00:00\" \/>\n<meta name=\"twitter:card\" content=\"summary_large_image\" \/>\n<script type=\"application\/ld+json\" class=\"yoast-schema-graph\">{\"@context\":\"https:\/\/schema.org\",\"@graph\":[{\"@type\":\"WebPage\",\"@id\":\"https:\/\/bellavistaenginyeria.com\/es\/servicios-de-ingenieria\/proyectos-de-obras\/\",\"url\":\"https:\/\/bellavistaenginyeria.com\/es\/servicios-de-ingenieria\/proyectos-de-obras\/\",\"name\":\"PROYECTOS DE OBRA - Bellavista Enginyeria\",\"isPartOf\":{\"@id\":\"https:\/\/bellavistaenginyeria.com\/#website\"},\"datePublished\":\"2016-04-06T13:13:39+00:00\",\"dateModified\":\"2016-11-08T15:16:44+00:00\",\"breadcrumb\":{\"@id\":\"https:\/\/bellavistaenginyeria.com\/es\/servicios-de-ingenieria\/proyectos-de-obras\/#breadcrumb\"},\"inLanguage\":\"es\",\"potentialAction\":[{\"@type\":\"ReadAction\",\"target\":[\"https:\/\/bellavistaenginyeria.com\/es\/servicios-de-ingenieria\/proyectos-de-obras\/\"]}]},{\"@type\":\"BreadcrumbList\",\"@id\":\"https:\/\/bellavistaenginyeria.com\/es\/servicios-de-ingenieria\/proyectos-de-obras\/#breadcrumb\",\"itemListElement\":[{\"@type\":\"ListItem\",\"position\":1,\"name\":\"Portada\",\"item\":\"https:\/\/bellavistaenginyeria.com\/es\/\"},{\"@type\":\"ListItem\",\"position\":2,\"name\":\"Servicios de ingenier\u00eda\",\"item\":\"https:\/\/bellavistaenginyeria.com\/es\/servicios-de-ingenieria\/\"},{\"@type\":\"ListItem\",\"position\":3,\"name\":\"PROYECTOS DE OBRA\"}]},{\"@type\":\"WebSite\",\"@id\":\"https:\/\/bellavistaenginyeria.com\/#website\",\"url\":\"https:\/\/bellavistaenginyeria.com\/\",\"name\":\"Bellavista Enginyeria\",\"description\":\"Enginyeria Granollers Barcelona\",\"potentialAction\":[{\"@type\":\"SearchAction\",\"target\":{\"@type\":\"EntryPoint\",\"urlTemplate\":\"https:\/\/bellavistaenginyeria.com\/?s={search_term_string}\"},\"query-input\":{\"@type\":\"PropertyValueSpecification\",\"valueRequired\":true,\"valueName\":\"search_term_string\"}}],\"inLanguage\":\"es\"}]}<\/script>\n<!-- \/ Yoast SEO plugin. -->","yoast_head_json":{"title":"PROYECTOS DE OBRA - Bellavista Enginyeria","robots":{"index":"index","follow":"follow","max-snippet":"max-snippet:-1","max-image-preview":"max-image-preview:large","max-video-preview":"max-video-preview:-1"},"canonical":"https:\/\/bellavistaenginyeria.com\/es\/servicios-de-ingenieria\/proyectos-de-obras\/","og_locale":"es_ES","og_type":"article","og_title":"PROYECTOS DE OBRA - Bellavista Enginyeria","og_description":"Nuestro equipo de profesionales se har\u00e1 cargo de todo lo necesario para la posterior construcci\u00f3n de las obras e instalaciones: los documentos iniciales, el dise\u00f1o, la distribuci\u00f3n de usos y espacios, los materiales y tecnolog\u00edas que se emplear\u00e1n\u2026 En definitiva, en Bellavista Enginyeria nos encargamos de crear las bases de cualquier proyecto de obra.","og_url":"https:\/\/bellavistaenginyeria.com\/es\/servicios-de-ingenieria\/proyectos-de-obras\/","og_site_name":"Bellavista Enginyeria","article_modified_time":"2016-11-08T15:16:44+00:00","twitter_card":"summary_large_image","schema":{"@context":"https:\/\/schema.org","@graph":[{"@type":"WebPage","@id":"https:\/\/bellavistaenginyeria.com\/es\/servicios-de-ingenieria\/proyectos-de-obras\/","url":"https:\/\/bellavistaenginyeria.com\/es\/servicios-de-ingenieria\/proyectos-de-obras\/","name":"PROYECTOS DE OBRA - Bellavista Enginyeria","isPartOf":{"@id":"https:\/\/bellavistaenginyeria.com\/#website"},"datePublished":"2016-04-06T13:13:39+00:00","dateModified":"2016-11-08T15:16:44+00:00","breadcrumb":{"@id":"https:\/\/bellavistaenginyeria.com\/es\/servicios-de-ingenieria\/proyectos-de-obras\/#breadcrumb"},"inLanguage":"es","potentialAction":[{"@type":"ReadAction","target":["https:\/\/bellavistaenginyeria.com\/es\/servicios-de-ingenieria\/proyectos-de-obras\/"]}]},{"@type":"BreadcrumbList","@id":"https:\/\/bellavistaenginyeria.com\/es\/servicios-de-ingenieria\/proyectos-de-obras\/#breadcrumb","itemListElement":[{"@type":"ListItem","position":1,"name":"Portada","item":"https:\/\/bellavistaenginyeria.com\/es\/"},{"@type":"ListItem","position":2,"name":"Servicios de ingenier\u00eda","item":"https:\/\/bellavistaenginyeria.com\/es\/servicios-de-ingenieria\/"},{"@type":"ListItem","position":3,"name":"PROYECTOS DE OBRA"}]},{"@type":"WebSite","@id":"https:\/\/bellavistaenginyeria.com\/#website","url":"https:\/\/bellavistaenginyeria.com\/","name":"Bellavista Enginyeria","description":"Enginyeria Granollers Barcelona","potentialAction":[{"@type":"SearchAction","target":{"@type":"EntryPoint","urlTemplate":"https:\/\/bellavistaenginyeria.com\/?s={search_term_string}"},"query-input":{"@type":"PropertyValueSpecification","valueRequired":true,"valueName":"search_term_string"}}],"inLanguage":"es"}]}},"_links":{"self":[{"href":"https:\/\/bellavistaenginyeria.com\/es\/wp-json\/wp\/v2\/pages\/1587","targetHints":{"allow":["GET"]}}],"collection":[{"href":"https:\/\/bellavistaenginyeria.com\/es\/wp-json\/wp\/v2\/pages"}],"about":[{"href":"https:\/\/bellavistaenginyeria.com\/es\/wp-json\/wp\/v2\/types\/page"}],"author":[{"embeddable":true,"href":"https:\/\/bellavistaenginyeria.com\/es\/wp-json\/wp\/v2\/users\/1"}],"replies":[{"embeddable":true,"href":"https:\/\/bellavistaenginyeria.com\/es\/wp-json\/wp\/v2\/comments?post=1587"}],"version-history":[{"count":4,"href":"https:\/\/bellavistaenginyeria.com\/es\/wp-json\/wp\/v2\/pages\/1587\/revisions"}],"predecessor-version":[{"id":1888,"href":"https:\/\/bellavistaenginyeria.com\/es\/wp-json\/wp\/v2\/pages\/1587\/revisions\/1888"}],"up":[{"embeddable":true,"href":"https:\/\/bellavistaenginyeria.com\/es\/wp-json\/wp\/v2\/pages\/1588"}],"wp:attachment":[{"href":"https:\/\/bellavistaenginyeria.com\/es\/wp-json\/wp\/v2\/media?parent=1587"}],"curies":[{"name":"wp","href":"https:\/\/api.w.org\/{rel}","templated":true}]}}