{"id":1593,"date":"2016-02-03T10:53:33","date_gmt":"2016-02-03T10:53:33","guid":{"rendered":"https:\/\/bellavistaenginyeria.com\/es\/bellavista-enginyeria\/"},"modified":"2026-01-07T08:20:22","modified_gmt":"2026-01-07T08:20:22","slug":"bellavista-enginyeria","status":"publish","type":"page","link":"https:\/\/bellavistaenginyeria.com\/es\/bellavista-enginyeria\/","title":{"rendered":"Bellavista Enginyeria"},"content":{"rendered":"<p>En Bellavista Enginyeria nos dedicamos a prestar servicios de proyectos de ingenier\u00eda y construcci\u00f3n en el \u00e1mbito de la<strong> ingenier\u00eda industrial, ingenier\u00eda comercial, ingenier\u00eda de viviendas, ingenier\u00eda medioambiental, ingenier\u00eda de telecomunicaciones e instalaciones en general<\/strong>.<\/p>\n<p>Nuestro equipo est\u00e1 formado por profesionales multidisciplinares, titulados y en constante reciclaje formativo para hacer frente a constantes cambios en las normativas generales y en \u00e1mbitos locales. Contamos con m\u00e1s de 25 a\u00f1os de experi\u00e9ncia en el<strong> sector de la ingenier\u00eda.<\/strong> Nuestra trayectoria juntamente con la experiencia acumulada, la profesionalidad de nuestro equipo humano y el uso de nuevas tecnolog\u00edas aplicadas a nuestra actividad, nos sit\u00faa como empresa puntera en el <strong>sector de la ingenier\u00eda.<\/strong><\/p>\n<h3>\u00a0NUESTRO EQUIPO<\/h3>\n","protected":false},"excerpt":{"rendered":"<p>En Bellavista Enginyeria nos dedicamos a prestar servicios de proyectos de ingenier\u00eda y construcci\u00f3n en el \u00e1mbito de la ingenier\u00eda industrial, ingenier\u00eda comercial, ingenier\u00eda de viviendas, ingenier\u00eda medioambiental, ingenier\u00eda de telecomunicaciones e instalaciones en general. Nuestro equipo est\u00e1 formado por profesionales multidisciplinares, titulados y en constante reciclaje formativo para hacer frente a constantes cambios en las normativas generales y en \u00e1mbitos locales. Contamos con m\u00e1s de 25 a\u00f1os de experi\u00e9ncia en el sector de la ingenier\u00eda. Nuestra trayectoria juntamente con la experiencia acumulada, la profesionalidad de nuestro equipo humano y el uso de nuevas tecnolog\u00edas aplicadas a nuestra actividad, nos sit\u00faa como empresa puntera en el sector de la ingenier\u00eda. [&hellip;]<\/p>\n","protected":false},"author":1,"featured_media":0,"parent":0,"menu_order":0,"comment_status":"closed","ping_status":"closed","template":"page-bellavista.php","meta":{"_acf_changed":false,"footnotes":""},"class_list":["post-1593","page","type-page","status-publish","hentry"],"acf":[],"yoast_head":"<!-- This site is optimized with the Yoast SEO plugin v26.0 - https:\/\/yoast.com\/wordpress\/plugins\/seo\/ -->\n<title>Bellavista Enginyeria - Bellavista Enginyeria<\/title>\n<meta name=\"robots\" content=\"index, follow, max-snippet:-1, max-image-preview:large, max-video-preview:-1\" \/>\n<link rel=\"canonical\" href=\"https:\/\/bellavistaenginyeria.com\/es\/bellavista-enginyeria\/\" \/>\n<meta property=\"og:locale\" content=\"es_ES\" \/>\n<meta property=\"og:type\" content=\"article\" \/>\n<meta property=\"og:title\" content=\"Bellavista Enginyeria - Bellavista Enginyeria\" \/>\n<meta property=\"og:description\" content=\"En Bellavista Enginyeria nos dedicamos a prestar servicios de proyectos de ingenier\u00eda y construcci\u00f3n en el \u00e1mbito de la ingenier\u00eda industrial, ingenier\u00eda comercial, ingenier\u00eda de viviendas, ingenier\u00eda medioambiental, ingenier\u00eda de telecomunicaciones e instalaciones en general. Nuestro equipo est\u00e1 formado por profesionales multidisciplinares, titulados y en constante reciclaje formativo para hacer frente a constantes cambios en las normativas generales y en \u00e1mbitos locales. Contamos con m\u00e1s de 25 a\u00f1os de experi\u00e9ncia en el sector de la ingenier\u00eda. Nuestra trayectoria juntamente con la experiencia acumulada, la profesionalidad de nuestro equipo humano y el uso de nuevas tecnolog\u00edas aplicadas a nuestra actividad, nos sit\u00faa como empresa puntera en el sector de la ingenier\u00eda. [&hellip;]\" \/>\n<meta property=\"og:url\" content=\"https:\/\/bellavistaenginyeria.com\/es\/bellavista-enginyeria\/\" \/>\n<meta property=\"og:site_name\" content=\"Bellavista Enginyeria\" \/>\n<meta property=\"article:modified_time\" content=\"2026-01-07T08:20:22+00:00\" \/>\n<meta name=\"twitter:card\" content=\"summary_large_image\" \/>\n<meta name=\"twitter:label1\" content=\"Tiempo de lectura\" \/>\n\t<meta name=\"twitter:data1\" content=\"1 minuto\" \/>\n<script type=\"application\/ld+json\" class=\"yoast-schema-graph\">{\"@context\":\"https:\/\/schema.org\",\"@graph\":[{\"@type\":\"WebPage\",\"@id\":\"https:\/\/bellavistaenginyeria.com\/es\/bellavista-enginyeria\/\",\"url\":\"https:\/\/bellavistaenginyeria.com\/es\/bellavista-enginyeria\/\",\"name\":\"Bellavista Enginyeria - Bellavista Enginyeria\",\"isPartOf\":{\"@id\":\"https:\/\/bellavistaenginyeria.com\/#website\"},\"datePublished\":\"2016-02-03T10:53:33+00:00\",\"dateModified\":\"2026-01-07T08:20:22+00:00\",\"breadcrumb\":{\"@id\":\"https:\/\/bellavistaenginyeria.com\/es\/bellavista-enginyeria\/#breadcrumb\"},\"inLanguage\":\"es\",\"potentialAction\":[{\"@type\":\"ReadAction\",\"target\":[\"https:\/\/bellavistaenginyeria.com\/es\/bellavista-enginyeria\/\"]}]},{\"@type\":\"BreadcrumbList\",\"@id\":\"https:\/\/bellavistaenginyeria.com\/es\/bellavista-enginyeria\/#breadcrumb\",\"itemListElement\":[{\"@type\":\"ListItem\",\"position\":1,\"name\":\"Portada\",\"item\":\"https:\/\/bellavistaenginyeria.com\/es\/\"},{\"@type\":\"ListItem\",\"position\":2,\"name\":\"Bellavista Enginyeria\"}]},{\"@type\":\"WebSite\",\"@id\":\"https:\/\/bellavistaenginyeria.com\/#website\",\"url\":\"https:\/\/bellavistaenginyeria.com\/\",\"name\":\"Bellavista Enginyeria\",\"description\":\"Enginyeria Granollers Barcelona\",\"potentialAction\":[{\"@type\":\"SearchAction\",\"target\":{\"@type\":\"EntryPoint\",\"urlTemplate\":\"https:\/\/bellavistaenginyeria.com\/?s={search_term_string}\"},\"query-input\":{\"@type\":\"PropertyValueSpecification\",\"valueRequired\":true,\"valueName\":\"search_term_string\"}}],\"inLanguage\":\"es\"}]}<\/script>\n<!-- \/ Yoast SEO plugin. -->","yoast_head_json":{"title":"Bellavista Enginyeria - Bellavista Enginyeria","robots":{"index":"index","follow":"follow","max-snippet":"max-snippet:-1","max-image-preview":"max-image-preview:large","max-video-preview":"max-video-preview:-1"},"canonical":"https:\/\/bellavistaenginyeria.com\/es\/bellavista-enginyeria\/","og_locale":"es_ES","og_type":"article","og_title":"Bellavista Enginyeria - Bellavista Enginyeria","og_description":"En Bellavista Enginyeria nos dedicamos a prestar servicios de proyectos de ingenier\u00eda y construcci\u00f3n en el \u00e1mbito de la ingenier\u00eda industrial, ingenier\u00eda comercial, ingenier\u00eda de viviendas, ingenier\u00eda medioambiental, ingenier\u00eda de telecomunicaciones e instalaciones en general. Nuestro equipo est\u00e1 formado por profesionales multidisciplinares, titulados y en constante reciclaje formativo para hacer frente a constantes cambios en las normativas generales y en \u00e1mbitos locales. Contamos con m\u00e1s de 25 a\u00f1os de experi\u00e9ncia en el sector de la ingenier\u00eda. Nuestra trayectoria juntamente con la experiencia acumulada, la profesionalidad de nuestro equipo humano y el uso de nuevas tecnolog\u00edas aplicadas a nuestra actividad, nos sit\u00faa como empresa puntera en el sector de la ingenier\u00eda. [&hellip;]","og_url":"https:\/\/bellavistaenginyeria.com\/es\/bellavista-enginyeria\/","og_site_name":"Bellavista Enginyeria","article_modified_time":"2026-01-07T08:20:22+00:00","twitter_card":"summary_large_image","twitter_misc":{"Tiempo de lectura":"1 minuto"},"schema":{"@context":"https:\/\/schema.org","@graph":[{"@type":"WebPage","@id":"https:\/\/bellavistaenginyeria.com\/es\/bellavista-enginyeria\/","url":"https:\/\/bellavistaenginyeria.com\/es\/bellavista-enginyeria\/","name":"Bellavista Enginyeria - Bellavista Enginyeria","isPartOf":{"@id":"https:\/\/bellavistaenginyeria.com\/#website"},"datePublished":"2016-02-03T10:53:33+00:00","dateModified":"2026-01-07T08:20:22+00:00","breadcrumb":{"@id":"https:\/\/bellavistaenginyeria.com\/es\/bellavista-enginyeria\/#breadcrumb"},"inLanguage":"es","potentialAction":[{"@type":"ReadAction","target":["https:\/\/bellavistaenginyeria.com\/es\/bellavista-enginyeria\/"]}]},{"@type":"BreadcrumbList","@id":"https:\/\/bellavistaenginyeria.com\/es\/bellavista-enginyeria\/#breadcrumb","itemListElement":[{"@type":"ListItem","position":1,"name":"Portada","item":"https:\/\/bellavistaenginyeria.com\/es\/"},{"@type":"ListItem","position":2,"name":"Bellavista Enginyeria"}]},{"@type":"WebSite","@id":"https:\/\/bellavistaenginyeria.com\/#website","url":"https:\/\/bellavistaenginyeria.com\/","name":"Bellavista Enginyeria","description":"Enginyeria Granollers Barcelona","potentialAction":[{"@type":"SearchAction","target":{"@type":"EntryPoint","urlTemplate":"https:\/\/bellavistaenginyeria.com\/?s={search_term_string}"},"query-input":{"@type":"PropertyValueSpecification","valueRequired":true,"valueName":"search_term_string"}}],"inLanguage":"es"}]}},"_links":{"self":[{"href":"https:\/\/bellavistaenginyeria.com\/es\/wp-json\/wp\/v2\/pages\/1593","targetHints":{"allow":["GET"]}}],"collection":[{"href":"https:\/\/bellavistaenginyeria.com\/es\/wp-json\/wp\/v2\/pages"}],"about":[{"href":"https:\/\/bellavistaenginyeria.com\/es\/wp-json\/wp\/v2\/types\/page"}],"author":[{"embeddable":true,"href":"https:\/\/bellavistaenginyeria.com\/es\/wp-json\/wp\/v2\/users\/1"}],"replies":[{"embeddable":true,"href":"https:\/\/bellavistaenginyeria.com\/es\/wp-json\/wp\/v2\/comments?post=1593"}],"version-history":[{"count":14,"href":"https:\/\/bellavistaenginyeria.com\/es\/wp-json\/wp\/v2\/pages\/1593\/revisions"}],"predecessor-version":[{"id":3968,"href":"https:\/\/bellavistaenginyeria.com\/es\/wp-json\/wp\/v2\/pages\/1593\/revisions\/3968"}],"wp:attachment":[{"href":"https:\/\/bellavistaenginyeria.com\/es\/wp-json\/wp\/v2\/media?parent=1593"}],"curies":[{"name":"wp","href":"https:\/\/api.w.org\/{rel}","templated":true}]}}