{"id":2336,"date":"2018-11-27T09:16:20","date_gmt":"2018-11-27T09:16:20","guid":{"rendered":"https:\/\/bellavistaenginyeria.com\/es\/politica-de-privacidad\/"},"modified":"2018-11-27T09:16:20","modified_gmt":"2018-11-27T09:16:20","slug":"politica-de-privacidad","status":"publish","type":"page","link":"https:\/\/bellavistaenginyeria.com\/es\/politica-de-privacidad\/","title":{"rendered":"Pol\u00edtica de privacidad"},"content":{"rendered":"<p><strong>RESPONSABLE:<\/strong> BELLAVISTA ENGINYERIA, S.L.P.<\/p>\n<p><strong>FINALIDAD:<\/strong> GESTI\u00d3N DE CONSULTA Y REQUERIMIENTOS WEB; GESTI\u00d3N DE LOS CLIENTES POTENCIALES Y CONTACTOS DE LA EMPRESA; ENV\u00cdO DE COMUNICACIONES COMERCIALES Y PROMOCIONALES; GESTI\u00d3N DE LA RELACI\u00d3N CONTRACTUAL CON LOS CLIENTES; MANTENIMIENTO DE LISTAS DE SUPRESI\u00d3N ACTUALIZADAS PARA EVITAR SER CONTACTADO SI USTED LO SOLICITA; PERMITIR EL FUNCIONAMIENTO DE NUESTRO SITIO WEB\/APLICACIONES A TRAV\u00c9S DE COOKIES T\u00c9CNICAS Y FUNCIONALES; REALIZACI\u00d3N DE ESTAD\u00cdSTICAS<\/p>\n<p><strong>LEGITIMACI\u00d3N:<\/strong> CONSENTIMIENTO EXPRESO, CUMPLIMIENTO DE UNA RELACI\u00d3N CONTRACTUAL E INTER\u00c9S LEG\u00cdTIMO.<\/p>\n<p><strong>DESTINATARIOS:<\/strong> NO SE CEDER\u00c1N DATOS A TERCEROS, SALVO OBLIGACI\u00d3N LEGAL<\/p>\n<p><strong>EJERCICIO DE DERECHOS:<\/strong> EJERCICIO DE LOS DERECHOS DE LIMITACI\u00d3N DEL TRATAMIENTO, PORTABILIDAD DE LOS DATOS, ACCESO, RECTIFICACI\u00d3N, SUPRESI\u00d3N Y OPOSICI\u00d3N A <a href=\"mailto:MAIL@BELLAVISTAENGINYERIA.COM\">MAIL@BELLAVISTAENGINYERIA.COM<\/a><\/p>\n<p><strong>INFORMACI\u00d3N ADICIONAL:<\/strong> PUEDE CONSULTAR LA INFORMACI\u00d3N ADICIONAL Y DETALLADA SOBRE NUESTRA POL\u00cdTICA DE PROTECCI\u00d3N DE DATOS EN LAS CL\u00c1USULAS QUE SE PRESENTAN A CONTINUACI\u00d3N.<\/p>\n<p>&nbsp;<\/p>\n<p>En cumplimiento de lo dispuesto en REGLAMENTO (UE) 2016\/679 DEL PARLAMENTO EUROPEO Y DEL CONSEJO de 27 de abril de 2016 (en adelante, \u201cRGPD\u201d) relativo a la protecci\u00f3n de las personas f\u00edsicas en lo que respecta al tratamiento de datos personales y a la libre circulaci\u00f3n de estos datos, BELLAVISTA ENGINYERIA, S.L.P. (en adelante BELLAVISTA ENGINYERIA) le informa como RESPONSABLE DEL TRATAMIENTO de que todos los datos de car\u00e1cter personal que nos proporcione a trav\u00e9s de &lt;<em>BELLAVISTAENGINYERIA.COM<\/em>&gt; ser\u00e1n incorporados a un fichero de datos mantenido bajo estrictas medidas de seguridad y confidencialidad, y se mantendr\u00e1n almacenados mientras gestionamos sus peticiones o consultas, mientras exista una relaci\u00f3n de servicios vigente o hasta que usted nos indique lo contrario.<\/p>\n<p>Las finalidades de las operaciones de procesamiento de datos que lleva acabo BELLAVISTA ENGINYERIA como responsable de tratamiento son exclusivamente la gesti\u00f3n de consulta y requerimientos web; gesti\u00f3n de los clientes potenciales y contactos de la empresa; gesti\u00f3n de la relaci\u00f3n con los clientes; env\u00edo de newsletters y comunicaciones informativas de su inter\u00e9s; mantenimiento de listas de supresi\u00f3n actualizadas para evitar ser contactado si usted lo solicita; permitir el funcionamiento de nuestro sitio web\/aplicaciones a trav\u00e9s de cookies t\u00e9cnicas y funcionales; realizaci\u00f3n de estad\u00edsticas.<\/p>\n<p>La base legal para los distintos tratamientos en funci\u00f3n de las distintas finalidades perseguidas es de:<\/p>\n<ul>\n<li><em>gesti\u00f3n de consulta y requerimientos web:<\/em><em> cumplimiento de una relaci\u00f3n contractual.<\/em><\/li>\n<li><em>gesti\u00f3n de los clientes potenciales y contactos de la empresa:<\/em><em> cumplimiento de una relaci\u00f3n contractual.<\/em><\/li>\n<li><em>gesti\u00f3n de la relaci\u00f3n con los clientes: <\/em><em>cumplimiento de una relaci\u00f3n contractual.<\/em><\/li>\n<li><em>env\u00edo de newsletters y comunicaciones informativas de su inter\u00e9s: <\/em><em>consentimiento expreso.<\/em><\/li>\n<li><em>mantenimiento de listas de supresi\u00f3n actualizadas para evitar ser contactado si usted lo solicita: <\/em><em>obligaci\u00f3n legal.<\/em><\/li>\n<li><em>permitir el funcionamiento de nuestro sitio web\/aplicaciones a trav\u00e9s de cookies t\u00e9cnicas y funcionales: <\/em><em>inter\u00e9s leg\u00edtimo.<\/em><\/li>\n<li><em>realizaci\u00f3n de estad\u00edsticas: <\/em><em>inter\u00e9s leg\u00edtimo.<\/em><\/li>\n<\/ul>\n<p>Las categor\u00edas de datos tratados por BELLAVISTA ENGINYERIA corresponden a (i) Datos identificativos; (ii) Direcciones postales o electr\u00f3nicas; (iii) Informaci\u00f3n comercial y econ\u00f3mica, y (iv) Caracter\u00edsticas personales.<\/p>\n<p>Mientras no se nos comunique lo contrario, entenderemos que los datos facilitados no han sido modificados, que usted se compromete a notificarnos cualquier variaci\u00f3n y que tenemos su consentimiento para utilizarlos para las finalidades mencionadas.<\/p>\n<p>Le informamos que el uso de los formularios disponibles en <em>&lt;BELLAVISTAENGINYERIA.COM&gt;<\/em> est\u00e1 limitado a usuarios mayores de edad, por lo que al utilizar cualquiera de ellos, usted garantiza que cumple con este requisito y acepta las consecuencias que se deriven en caso de no ser as\u00ed. Los formularios puestos a su disposici\u00f3n pueden rellenarse en el idioma que usted desee, sin embargo, BELLAVISTA ENGINYERIA no se hace responsable de los errores o de la imposibilidad de atender su solicitud debido al uso de un idioma inadecuado. La cumplimentaci\u00f3n de los formularios, as\u00ed como de cualquier otro cuestionario que pueda facilitarse en un futuro, es totalmente potestativa, no obstante, la negativa a facilitar determinados datos, podr\u00e1 suponer la imposibilidad de cumplir con su petici\u00f3n.<\/p>\n<p>BELLAVISTA ENGINYERIA ha adoptado los niveles de seguridad de protecci\u00f3n de los datos personales legalmente requeridos, y procura instalar aquellos medios o medidas t\u00e9cnicas adicionales a su alcance para evitar la p\u00e9rdida, mal uso, alteraci\u00f3n, acceso no autorizado y robo de los datos personales facilitados, y por eso le garantizamos la mayor confidencialidad en su tratamiento, confirmando que no se realizar\u00e1 ninguna cesi\u00f3n de los mismos a terceros.<\/p>\n<p>Al entregar voluntariamente sus datos CONSIENTE EXPRESAMENTE su tratamiento automatizado o no por parte de BELLAVISTA ENGINYERIA, as\u00ed como su comunicaci\u00f3n a entidades cuya conexi\u00f3n con sus datos sea necesaria o legalmente obligatoria, y en el caso de comunicaciones comerciales v\u00eda correo electr\u00f3nico o medio equivalente, CONSIENTE EXPRESAMENTE su recepci\u00f3n.<\/p>\n<p>El consentimiento otorgado podr\u00e1 ser revocado en cualquier momento mediante el ejercicio de los derechos de limitaci\u00f3n del tratamiento, portabilidad de los datos, acceso, rectificaci\u00f3n, supresi\u00f3n y oposici\u00f3n, que BELLAVISTA ENGINYERIA le garantiza, dirigi\u00e9ndose por escrito a <a href=\"mailto:mail@bellavistaenginyeria.com\">mail@bellavistaenginyeria.com<\/a>.<\/p>\n","protected":false},"excerpt":{"rendered":"<p>RESPONSABLE: BELLAVISTA ENGINYERIA, S.L.P. FINALIDAD: GESTI\u00d3N DE CONSULTA Y REQUERIMIENTOS WEB; GESTI\u00d3N DE LOS CLIENTES POTENCIALES Y CONTACTOS DE LA EMPRESA; ENV\u00cdO DE COMUNICACIONES COMERCIALES Y PROMOCIONALES; GESTI\u00d3N DE LA RELACI\u00d3N CONTRACTUAL CON LOS CLIENTES; MANTENIMIENTO DE LISTAS DE SUPRESI\u00d3N ACTUALIZADAS PARA EVITAR SER CONTACTADO SI USTED LO SOLICITA; PERMITIR EL FUNCIONAMIENTO DE NUESTRO SITIO WEB\/APLICACIONES A TRAV\u00c9S DE COOKIES T\u00c9CNICAS Y FUNCIONALES; REALIZACI\u00d3N DE ESTAD\u00cdSTICAS LEGITIMACI\u00d3N: CONSENTIMIENTO EXPRESO, CUMPLIMIENTO DE UNA RELACI\u00d3N CONTRACTUAL E INTER\u00c9S LEG\u00cdTIMO. DESTINATARIOS: NO SE CEDER\u00c1N DATOS A TERCEROS, SALVO OBLIGACI\u00d3N LEGAL EJERCICIO DE DERECHOS: EJERCICIO DE LOS DERECHOS DE LIMITACI\u00d3N DEL TRATAMIENTO, PORTABILIDAD DE LOS DATOS, ACCESO, RECTIFICACI\u00d3N, SUPRESI\u00d3N Y OPOSICI\u00d3N A MAIL@BELLAVISTAENGINYERIA.COM INFORMACI\u00d3N [&hellip;]<\/p>\n","protected":false},"author":1,"featured_media":0,"parent":0,"menu_order":0,"comment_status":"closed","ping_status":"closed","template":"","meta":{"_acf_changed":false,"footnotes":""},"class_list":["post-2336","page","type-page","status-publish","hentry"],"acf":[],"yoast_head":"<!-- This site is optimized with the Yoast SEO plugin v26.0 - https:\/\/yoast.com\/wordpress\/plugins\/seo\/ -->\n<title>Pol\u00edtica de privacidad - Bellavista Enginyeria<\/title>\n<meta name=\"robots\" content=\"index, follow, max-snippet:-1, max-image-preview:large, max-video-preview:-1\" \/>\n<link rel=\"canonical\" href=\"https:\/\/bellavistaenginyeria.com\/es\/politica-de-privacidad\/\" \/>\n<meta property=\"og:locale\" content=\"es_ES\" \/>\n<meta property=\"og:type\" content=\"article\" \/>\n<meta property=\"og:title\" content=\"Pol\u00edtica de privacidad - Bellavista Enginyeria\" \/>\n<meta property=\"og:description\" content=\"RESPONSABLE: BELLAVISTA ENGINYERIA, S.L.P. FINALIDAD: GESTI\u00d3N DE CONSULTA Y REQUERIMIENTOS WEB; GESTI\u00d3N DE LOS CLIENTES POTENCIALES Y CONTACTOS DE LA EMPRESA; ENV\u00cdO DE COMUNICACIONES COMERCIALES Y PROMOCIONALES; GESTI\u00d3N DE LA RELACI\u00d3N CONTRACTUAL CON LOS CLIENTES; MANTENIMIENTO DE LISTAS DE SUPRESI\u00d3N ACTUALIZADAS PARA EVITAR SER CONTACTADO SI USTED LO SOLICITA; PERMITIR EL FUNCIONAMIENTO DE NUESTRO SITIO WEB\/APLICACIONES A TRAV\u00c9S DE COOKIES T\u00c9CNICAS Y FUNCIONALES; REALIZACI\u00d3N DE ESTAD\u00cdSTICAS LEGITIMACI\u00d3N: CONSENTIMIENTO EXPRESO, CUMPLIMIENTO DE UNA RELACI\u00d3N CONTRACTUAL E INTER\u00c9S LEG\u00cdTIMO. DESTINATARIOS: NO SE CEDER\u00c1N DATOS A TERCEROS, SALVO OBLIGACI\u00d3N LEGAL EJERCICIO DE DERECHOS: EJERCICIO DE LOS DERECHOS DE LIMITACI\u00d3N DEL TRATAMIENTO, PORTABILIDAD DE LOS DATOS, ACCESO, RECTIFICACI\u00d3N, SUPRESI\u00d3N Y OPOSICI\u00d3N A MAIL@BELLAVISTAENGINYERIA.COM INFORMACI\u00d3N [&hellip;]\" \/>\n<meta property=\"og:url\" content=\"https:\/\/bellavistaenginyeria.com\/es\/politica-de-privacidad\/\" \/>\n<meta property=\"og:site_name\" content=\"Bellavista Enginyeria\" \/>\n<meta name=\"twitter:card\" content=\"summary_large_image\" \/>\n<meta name=\"twitter:label1\" content=\"Tiempo de lectura\" \/>\n\t<meta name=\"twitter:data1\" content=\"4 minutos\" \/>\n<script type=\"application\/ld+json\" class=\"yoast-schema-graph\">{\"@context\":\"https:\/\/schema.org\",\"@graph\":[{\"@type\":\"WebPage\",\"@id\":\"https:\/\/bellavistaenginyeria.com\/es\/politica-de-privacidad\/\",\"url\":\"https:\/\/bellavistaenginyeria.com\/es\/politica-de-privacidad\/\",\"name\":\"Pol\u00edtica de privacidad - Bellavista Enginyeria\",\"isPartOf\":{\"@id\":\"https:\/\/bellavistaenginyeria.com\/#website\"},\"datePublished\":\"2018-11-27T09:16:20+00:00\",\"breadcrumb\":{\"@id\":\"https:\/\/bellavistaenginyeria.com\/es\/politica-de-privacidad\/#breadcrumb\"},\"inLanguage\":\"es\",\"potentialAction\":[{\"@type\":\"ReadAction\",\"target\":[\"https:\/\/bellavistaenginyeria.com\/es\/politica-de-privacidad\/\"]}]},{\"@type\":\"BreadcrumbList\",\"@id\":\"https:\/\/bellavistaenginyeria.com\/es\/politica-de-privacidad\/#breadcrumb\",\"itemListElement\":[{\"@type\":\"ListItem\",\"position\":1,\"name\":\"Portada\",\"item\":\"https:\/\/bellavistaenginyeria.com\/es\/\"},{\"@type\":\"ListItem\",\"position\":2,\"name\":\"Pol\u00edtica de privacidad\"}]},{\"@type\":\"WebSite\",\"@id\":\"https:\/\/bellavistaenginyeria.com\/#website\",\"url\":\"https:\/\/bellavistaenginyeria.com\/\",\"name\":\"Bellavista Enginyeria\",\"description\":\"Enginyeria Granollers Barcelona\",\"potentialAction\":[{\"@type\":\"SearchAction\",\"target\":{\"@type\":\"EntryPoint\",\"urlTemplate\":\"https:\/\/bellavistaenginyeria.com\/?s={search_term_string}\"},\"query-input\":{\"@type\":\"PropertyValueSpecification\",\"valueRequired\":true,\"valueName\":\"search_term_string\"}}],\"inLanguage\":\"es\"}]}<\/script>\n<!-- \/ Yoast SEO plugin. -->","yoast_head_json":{"title":"Pol\u00edtica de privacidad - Bellavista Enginyeria","robots":{"index":"index","follow":"follow","max-snippet":"max-snippet:-1","max-image-preview":"max-image-preview:large","max-video-preview":"max-video-preview:-1"},"canonical":"https:\/\/bellavistaenginyeria.com\/es\/politica-de-privacidad\/","og_locale":"es_ES","og_type":"article","og_title":"Pol\u00edtica de privacidad - Bellavista Enginyeria","og_description":"RESPONSABLE: BELLAVISTA ENGINYERIA, S.L.P. FINALIDAD: GESTI\u00d3N DE CONSULTA Y REQUERIMIENTOS WEB; GESTI\u00d3N DE LOS CLIENTES POTENCIALES Y CONTACTOS DE LA EMPRESA; ENV\u00cdO DE COMUNICACIONES COMERCIALES Y PROMOCIONALES; GESTI\u00d3N DE LA RELACI\u00d3N CONTRACTUAL CON LOS CLIENTES; MANTENIMIENTO DE LISTAS DE SUPRESI\u00d3N ACTUALIZADAS PARA EVITAR SER CONTACTADO SI USTED LO SOLICITA; PERMITIR EL FUNCIONAMIENTO DE NUESTRO SITIO WEB\/APLICACIONES A TRAV\u00c9S DE COOKIES T\u00c9CNICAS Y FUNCIONALES; REALIZACI\u00d3N DE ESTAD\u00cdSTICAS LEGITIMACI\u00d3N: CONSENTIMIENTO EXPRESO, CUMPLIMIENTO DE UNA RELACI\u00d3N CONTRACTUAL E INTER\u00c9S LEG\u00cdTIMO. DESTINATARIOS: NO SE CEDER\u00c1N DATOS A TERCEROS, SALVO OBLIGACI\u00d3N LEGAL EJERCICIO DE DERECHOS: EJERCICIO DE LOS DERECHOS DE LIMITACI\u00d3N DEL TRATAMIENTO, PORTABILIDAD DE LOS DATOS, ACCESO, RECTIFICACI\u00d3N, SUPRESI\u00d3N Y OPOSICI\u00d3N A MAIL@BELLAVISTAENGINYERIA.COM INFORMACI\u00d3N [&hellip;]","og_url":"https:\/\/bellavistaenginyeria.com\/es\/politica-de-privacidad\/","og_site_name":"Bellavista Enginyeria","twitter_card":"summary_large_image","twitter_misc":{"Tiempo de lectura":"4 minutos"},"schema":{"@context":"https:\/\/schema.org","@graph":[{"@type":"WebPage","@id":"https:\/\/bellavistaenginyeria.com\/es\/politica-de-privacidad\/","url":"https:\/\/bellavistaenginyeria.com\/es\/politica-de-privacidad\/","name":"Pol\u00edtica de privacidad - Bellavista Enginyeria","isPartOf":{"@id":"https:\/\/bellavistaenginyeria.com\/#website"},"datePublished":"2018-11-27T09:16:20+00:00","breadcrumb":{"@id":"https:\/\/bellavistaenginyeria.com\/es\/politica-de-privacidad\/#breadcrumb"},"inLanguage":"es","potentialAction":[{"@type":"ReadAction","target":["https:\/\/bellavistaenginyeria.com\/es\/politica-de-privacidad\/"]}]},{"@type":"BreadcrumbList","@id":"https:\/\/bellavistaenginyeria.com\/es\/politica-de-privacidad\/#breadcrumb","itemListElement":[{"@type":"ListItem","position":1,"name":"Portada","item":"https:\/\/bellavistaenginyeria.com\/es\/"},{"@type":"ListItem","position":2,"name":"Pol\u00edtica de privacidad"}]},{"@type":"WebSite","@id":"https:\/\/bellavistaenginyeria.com\/#website","url":"https:\/\/bellavistaenginyeria.com\/","name":"Bellavista Enginyeria","description":"Enginyeria Granollers Barcelona","potentialAction":[{"@type":"SearchAction","target":{"@type":"EntryPoint","urlTemplate":"https:\/\/bellavistaenginyeria.com\/?s={search_term_string}"},"query-input":{"@type":"PropertyValueSpecification","valueRequired":true,"valueName":"search_term_string"}}],"inLanguage":"es"}]}},"_links":{"self":[{"href":"https:\/\/bellavistaenginyeria.com\/es\/wp-json\/wp\/v2\/pages\/2336","targetHints":{"allow":["GET"]}}],"collection":[{"href":"https:\/\/bellavistaenginyeria.com\/es\/wp-json\/wp\/v2\/pages"}],"about":[{"href":"https:\/\/bellavistaenginyeria.com\/es\/wp-json\/wp\/v2\/types\/page"}],"author":[{"embeddable":true,"href":"https:\/\/bellavistaenginyeria.com\/es\/wp-json\/wp\/v2\/users\/1"}],"replies":[{"embeddable":true,"href":"https:\/\/bellavistaenginyeria.com\/es\/wp-json\/wp\/v2\/comments?post=2336"}],"version-history":[{"count":0,"href":"https:\/\/bellavistaenginyeria.com\/es\/wp-json\/wp\/v2\/pages\/2336\/revisions"}],"wp:attachment":[{"href":"https:\/\/bellavistaenginyeria.com\/es\/wp-json\/wp\/v2\/media?parent=2336"}],"curies":[{"name":"wp","href":"https:\/\/api.w.org\/{rel}","templated":true}]}}