{"id":3137,"date":"2022-01-17T09:48:53","date_gmt":"2022-01-17T09:48:53","guid":{"rendered":"https:\/\/bellavistaenginyeria.com\/?page_id=3137"},"modified":"2022-01-17T09:53:30","modified_gmt":"2022-01-17T09:53:30","slug":"instalaciones-solares-fotovoltaicas","status":"publish","type":"page","link":"https:\/\/bellavistaenginyeria.com\/es\/productos\/instalaciones-solares-fotovoltaicas\/","title":{"rendered":"Instalaciones solares fotovoltaicas"},"content":{"rendered":"<p>En BELLAVISTA ENGINYERIA estamos especializados en el desarrollo de proyectos de energ\u00eda renovables, principalmente de energ\u00eda solar fotovoltaica, energ\u00eda solar t\u00e9rmica y aerot\u00e9rmica.<\/p>\n<p>Actuamos desde la fase de estudio de viabilidad, siguiendo con el desarrollo del proyecto, <a href=\"https:\/\/bellavistaenginyeria.com\/es\/productos\/instalaciones-solares-fotovoltaicas\/tramitacion-de-ayudas-al-autoconsumo\/\">tramitaci\u00f3n de ayudas al autoconsumo<\/a>, solicitud de licencias de obra, legalizaci\u00f3n e inscripci\u00f3n de la instalaci\u00f3n e implantaci\u00f3n de la misma a trav\u00e9s de empresas instaladoras calificadas.<\/p>\n<p>En caso de que est\u00e9 pensando en ahorrar energ\u00eda, <a href=\"https:\/\/bellavistaenginyeria.com\/es\/contactar\/\">p\u00f3ngase en contacto con nosotros<\/a> y le asesoraremos sin compromiso.<\/p>\n","protected":false},"excerpt":{"rendered":"<p>En BELLAVISTA ENGINYERIA estamos especializados en el desarrollo de proyectos de energ\u00eda renovables, principalmente de energ\u00eda solar fotovoltaica, energ\u00eda solar t\u00e9rmica y aerot\u00e9rmica. Actuamos desde la fase de estudio de viabilidad, siguiendo con el desarrollo del proyecto, tramitaci\u00f3n de ayudas al autoconsumo, solicitud de licencias de obra, legalizaci\u00f3n e inscripci\u00f3n de la instalaci\u00f3n e implantaci\u00f3n de la misma a trav\u00e9s de empresas instaladoras calificadas. En caso de que est\u00e9 pensando en ahorrar energ\u00eda, p\u00f3ngase en contacto con nosotros y le asesoraremos sin compromiso.<\/p>\n","protected":false},"author":1,"featured_media":0,"parent":1586,"menu_order":0,"comment_status":"closed","ping_status":"closed","template":"","meta":{"_acf_changed":false,"footnotes":""},"class_list":["post-3137","page","type-page","status-publish","hentry"],"acf":[],"yoast_head":"<!-- This site is optimized with the Yoast SEO plugin v26.0 - https:\/\/yoast.com\/wordpress\/plugins\/seo\/ -->\n<title>Instalaciones solares fotovoltaicas - Bellavista Enginyeria<\/title>\n<meta name=\"description\" content=\"Asesoramiento, tramitaci\u00f3n de licencias y permisos, y construcci\u00f3n de plantas de tratamiento y valorizaci\u00f3n de residuos no peligrosos. Gestores de residuos.\" \/>\n<meta name=\"robots\" content=\"index, follow, max-snippet:-1, max-image-preview:large, max-video-preview:-1\" \/>\n<link rel=\"canonical\" href=\"https:\/\/bellavistaenginyeria.com\/es\/productos\/instalaciones-solares-fotovoltaicas\/\" \/>\n<meta property=\"og:locale\" content=\"es_ES\" \/>\n<meta property=\"og:type\" content=\"article\" \/>\n<meta property=\"og:title\" content=\"Instalaciones solares fotovoltaicas - Bellavista Enginyeria\" \/>\n<meta property=\"og:description\" content=\"Asesoramiento, tramitaci\u00f3n de licencias y permisos, y construcci\u00f3n de plantas de tratamiento y valorizaci\u00f3n de residuos no peligrosos. Gestores de residuos.\" \/>\n<meta property=\"og:url\" content=\"https:\/\/bellavistaenginyeria.com\/es\/productos\/instalaciones-solares-fotovoltaicas\/\" \/>\n<meta property=\"og:site_name\" content=\"Bellavista Enginyeria\" \/>\n<meta property=\"article:modified_time\" content=\"2022-01-17T09:53:30+00:00\" \/>\n<meta name=\"twitter:card\" content=\"summary_large_image\" \/>\n<meta name=\"twitter:label1\" content=\"Tiempo de lectura\" \/>\n\t<meta name=\"twitter:data1\" content=\"1 minuto\" \/>\n<script type=\"application\/ld+json\" class=\"yoast-schema-graph\">{\"@context\":\"https:\/\/schema.org\",\"@graph\":[{\"@type\":\"WebPage\",\"@id\":\"https:\/\/bellavistaenginyeria.com\/es\/productos\/instalaciones-solares-fotovoltaicas\/\",\"url\":\"https:\/\/bellavistaenginyeria.com\/es\/productos\/instalaciones-solares-fotovoltaicas\/\",\"name\":\"Instalaciones solares fotovoltaicas - Bellavista Enginyeria\",\"isPartOf\":{\"@id\":\"https:\/\/bellavistaenginyeria.com\/#website\"},\"datePublished\":\"2022-01-17T09:48:53+00:00\",\"dateModified\":\"2022-01-17T09:53:30+00:00\",\"description\":\"Asesoramiento, tramitaci\u00f3n de licencias y permisos, y construcci\u00f3n de plantas de tratamiento y valorizaci\u00f3n de residuos no peligrosos. Gestores de residuos.\",\"breadcrumb\":{\"@id\":\"https:\/\/bellavistaenginyeria.com\/es\/productos\/instalaciones-solares-fotovoltaicas\/#breadcrumb\"},\"inLanguage\":\"es\",\"potentialAction\":[{\"@type\":\"ReadAction\",\"target\":[\"https:\/\/bellavistaenginyeria.com\/es\/productos\/instalaciones-solares-fotovoltaicas\/\"]}]},{\"@type\":\"BreadcrumbList\",\"@id\":\"https:\/\/bellavistaenginyeria.com\/es\/productos\/instalaciones-solares-fotovoltaicas\/#breadcrumb\",\"itemListElement\":[{\"@type\":\"ListItem\",\"position\":1,\"name\":\"Portada\",\"item\":\"https:\/\/bellavistaenginyeria.com\/es\/\"},{\"@type\":\"ListItem\",\"position\":2,\"name\":\"Productos\",\"item\":\"https:\/\/bellavistaenginyeria.com\/es\/productos\/\"},{\"@type\":\"ListItem\",\"position\":3,\"name\":\"Instalaciones solares fotovoltaicas\"}]},{\"@type\":\"WebSite\",\"@id\":\"https:\/\/bellavistaenginyeria.com\/#website\",\"url\":\"https:\/\/bellavistaenginyeria.com\/\",\"name\":\"Bellavista Enginyeria\",\"description\":\"Enginyeria Granollers Barcelona\",\"potentialAction\":[{\"@type\":\"SearchAction\",\"target\":{\"@type\":\"EntryPoint\",\"urlTemplate\":\"https:\/\/bellavistaenginyeria.com\/?s={search_term_string}\"},\"query-input\":{\"@type\":\"PropertyValueSpecification\",\"valueRequired\":true,\"valueName\":\"search_term_string\"}}],\"inLanguage\":\"es\"}]}<\/script>\n<!-- \/ Yoast SEO plugin. -->","yoast_head_json":{"title":"Instalaciones solares fotovoltaicas - Bellavista Enginyeria","description":"Asesoramiento, tramitaci\u00f3n de licencias y permisos, y construcci\u00f3n de plantas de tratamiento y valorizaci\u00f3n de residuos no peligrosos. Gestores de residuos.","robots":{"index":"index","follow":"follow","max-snippet":"max-snippet:-1","max-image-preview":"max-image-preview:large","max-video-preview":"max-video-preview:-1"},"canonical":"https:\/\/bellavistaenginyeria.com\/es\/productos\/instalaciones-solares-fotovoltaicas\/","og_locale":"es_ES","og_type":"article","og_title":"Instalaciones solares fotovoltaicas - Bellavista Enginyeria","og_description":"Asesoramiento, tramitaci\u00f3n de licencias y permisos, y construcci\u00f3n de plantas de tratamiento y valorizaci\u00f3n de residuos no peligrosos. Gestores de residuos.","og_url":"https:\/\/bellavistaenginyeria.com\/es\/productos\/instalaciones-solares-fotovoltaicas\/","og_site_name":"Bellavista Enginyeria","article_modified_time":"2022-01-17T09:53:30+00:00","twitter_card":"summary_large_image","twitter_misc":{"Tiempo de lectura":"1 minuto"},"schema":{"@context":"https:\/\/schema.org","@graph":[{"@type":"WebPage","@id":"https:\/\/bellavistaenginyeria.com\/es\/productos\/instalaciones-solares-fotovoltaicas\/","url":"https:\/\/bellavistaenginyeria.com\/es\/productos\/instalaciones-solares-fotovoltaicas\/","name":"Instalaciones solares fotovoltaicas - Bellavista Enginyeria","isPartOf":{"@id":"https:\/\/bellavistaenginyeria.com\/#website"},"datePublished":"2022-01-17T09:48:53+00:00","dateModified":"2022-01-17T09:53:30+00:00","description":"Asesoramiento, tramitaci\u00f3n de licencias y permisos, y construcci\u00f3n de plantas de tratamiento y valorizaci\u00f3n de residuos no peligrosos. Gestores de residuos.","breadcrumb":{"@id":"https:\/\/bellavistaenginyeria.com\/es\/productos\/instalaciones-solares-fotovoltaicas\/#breadcrumb"},"inLanguage":"es","potentialAction":[{"@type":"ReadAction","target":["https:\/\/bellavistaenginyeria.com\/es\/productos\/instalaciones-solares-fotovoltaicas\/"]}]},{"@type":"BreadcrumbList","@id":"https:\/\/bellavistaenginyeria.com\/es\/productos\/instalaciones-solares-fotovoltaicas\/#breadcrumb","itemListElement":[{"@type":"ListItem","position":1,"name":"Portada","item":"https:\/\/bellavistaenginyeria.com\/es\/"},{"@type":"ListItem","position":2,"name":"Productos","item":"https:\/\/bellavistaenginyeria.com\/es\/productos\/"},{"@type":"ListItem","position":3,"name":"Instalaciones solares fotovoltaicas"}]},{"@type":"WebSite","@id":"https:\/\/bellavistaenginyeria.com\/#website","url":"https:\/\/bellavistaenginyeria.com\/","name":"Bellavista Enginyeria","description":"Enginyeria Granollers Barcelona","potentialAction":[{"@type":"SearchAction","target":{"@type":"EntryPoint","urlTemplate":"https:\/\/bellavistaenginyeria.com\/?s={search_term_string}"},"query-input":{"@type":"PropertyValueSpecification","valueRequired":true,"valueName":"search_term_string"}}],"inLanguage":"es"}]}},"_links":{"self":[{"href":"https:\/\/bellavistaenginyeria.com\/es\/wp-json\/wp\/v2\/pages\/3137","targetHints":{"allow":["GET"]}}],"collection":[{"href":"https:\/\/bellavistaenginyeria.com\/es\/wp-json\/wp\/v2\/pages"}],"about":[{"href":"https:\/\/bellavistaenginyeria.com\/es\/wp-json\/wp\/v2\/types\/page"}],"author":[{"embeddable":true,"href":"https:\/\/bellavistaenginyeria.com\/es\/wp-json\/wp\/v2\/users\/1"}],"replies":[{"embeddable":true,"href":"https:\/\/bellavistaenginyeria.com\/es\/wp-json\/wp\/v2\/comments?post=3137"}],"version-history":[{"count":2,"href":"https:\/\/bellavistaenginyeria.com\/es\/wp-json\/wp\/v2\/pages\/3137\/revisions"}],"predecessor-version":[{"id":3170,"href":"https:\/\/bellavistaenginyeria.com\/es\/wp-json\/wp\/v2\/pages\/3137\/revisions\/3170"}],"up":[{"embeddable":true,"href":"https:\/\/bellavistaenginyeria.com\/es\/wp-json\/wp\/v2\/pages\/1586"}],"wp:attachment":[{"href":"https:\/\/bellavistaenginyeria.com\/es\/wp-json\/wp\/v2\/media?parent=3137"}],"curies":[{"name":"wp","href":"https:\/\/api.w.org\/{rel}","templated":true}]}}