{"id":3163,"date":"2022-01-17T09:27:01","date_gmt":"2022-01-17T09:27:01","guid":{"rendered":"https:\/\/bellavistaenginyeria.com\/productos\/instalaciones-solares-fotovoltaicas\/tramitacio-dajuts-a-lautoconsum\/"},"modified":"2022-01-17T09:52:21","modified_gmt":"2022-01-17T09:52:21","slug":"tramitacion-de-ayudas-al-autoconsumo","status":"publish","type":"page","link":"https:\/\/bellavistaenginyeria.com\/es\/productos\/instalaciones-solares-fotovoltaicas\/tramitacion-de-ayudas-al-autoconsumo\/","title":{"rendered":"Tramitaci\u00f3n de ayudas al autoconsumo"},"content":{"rendered":"<p>El Ministerio por la Transici\u00f3n Ecol\u00f3gica y el Reto Demogr\u00e1fico ha aprobado una concesi\u00f3n directa a las Comunidades Aut\u00f3nomas de ayudas para la ejecuci\u00f3n de varios programas de incentivos ligados al autoconsumo y al almacenamiento, con fuentes de energ\u00eda renovable, as\u00ed como la implementaci\u00f3n de sistemas t\u00e9rmicos renovables en el sector residencial. Y, de este modo, poder avanzar hacia la descarbonizaci\u00f3n del sector servicios, otros sectores productivos y el sector residencial.<\/p>\n<h3><u><br \/>\nProgramas de incentivos<\/u><\/h3>\n<ul>\n<li>Programa de incentivos 1: Realizaci\u00f3n de instalaciones de autoconsumo, con fuentes de energ\u00eda renovable, en el sector servicios, con o sin almacenamiento.<\/li>\n<li>Programa de incentivos 2: Realizaci\u00f3n de instalaciones de autoconsumo, con fuentes de energ\u00eda renovable, en otros sectores productivos de la econom\u00eda fuera del sector servicios, con o sin almacenamiento.<\/li>\n<li>Programa de incentivos 3: Incorporaci\u00f3n de almacenamiento en instalaciones de autoconsumo, con fuentes de energ\u00eda renovable, ya existentes en el sector servicios y otros sectores productivos<\/li>\n<li>Programa de incentivos 4: Realizaci\u00f3n de instalaciones de autoconsumo, con fuentes de energ\u00eda renovable, en el sector residencial, las administraciones p\u00fablicas y el tercer sector, con o sin almacenamiento.<\/li>\n<li>Programa de incentivos 5: Incorporaci\u00f3n de almacenamiento en instalaciones de autoconsumo, con fuentes de energ\u00eda renovable, ya existentes en el sector residencial, las administraciones p\u00fablicas y el tercer sector.<\/li>\n<li>Programa de incentivos 6: Realizaci\u00f3n de instalaciones de energ\u00edas renovables t\u00e9rmicas en el sector residencial.<\/li>\n<\/ul>\n<h3><strong><u><br \/>\n<\/u><\/strong><u>Tecnolog\u00edas subvencionables<\/u><\/h3>\n<p><strong>Autoconsumo<\/strong><\/p>\n<ul>\n<li>Fotovoltaica<\/li>\n<li>E\u00f3lica<\/li>\n<li>Instalaciones conectadas y aisladas de la red<\/li>\n<\/ul>\n<p><strong>Almacenamiento<\/strong><\/p>\n<ul>\n<li>Capacidad \u22642 kWh\/kW)<\/li>\n<li>Plomo-\u00e1cido excluidas<\/li>\n<\/ul>\n<h3><u><br \/>\nPosibles beneficiarios<\/u><\/h3>\n<p><strong>Las ayudas de los programas de incentivos 1, 2 y 3 van dirigidas a los siguientes destinatarios:<\/strong><\/p>\n<ul>\n<li>Las personas jur\u00eddicas y agrupaciones de empresas o de personas f\u00edsicas, con o sin personalidad jur\u00eddica, que realicen una actividad econ\u00f3mica por la que ofrezcan bienes y\/o servicios en el mercado.<\/li>\n<li>Las comunidades de energ\u00edas renovables y las comunidades ciudadanas de energ\u00eda.<\/li>\n<\/ul>\n<p><strong>Las ayudas de los programas de incentivos 4 y 5 van dirigidos a los siguientes destinatarios:<\/strong><\/p>\n<ul>\n<li>Las personas f\u00edsicas que no realicen ninguna actividad econ\u00f3mica por la que ofrezcan bienes y\/o servicios en el mercado.<\/li>\n<li>Las entidades locales y el sector p\u00fablico institucional de cualquier administraci\u00f3n p\u00fablica.<\/li>\n<li>Las personas jur\u00eddicas que no realicen ninguna actividad econ\u00f3mica, por la que ofrezcan bienes y\/o servicios en el mercado, incluyendo a las entidades u organizaciones del tercer sector (entidades u organizaciones privadas sin \u00e1nimo de lucro que no realicen ninguna actividad econ\u00f3mica, por la que ofrezcan bienes y\/o servicios en el mercado.)<\/li>\n<li>Las personas f\u00edsicas que realicen alguna actividad econ\u00f3mica, por la que ofrezcan bienes y\/o servicios en el mercado (aut\u00f3nomos).<\/li>\n<li>Las comunidades de propietarios.<\/li>\n<li>Las comunidades de energ\u00edas renovables y las comunidades ciudadanas de energ\u00eda.<\/li>\n<\/ul>\n<p><strong>Las ayudas de los programas de incentivos 6 van dirigidas a los siguientes destinatarios:<\/strong><\/p>\n<ul>\n<li>Las personas f\u00edsicas que no realicen ninguna actividad econ\u00f3mica por la que ofrezcan bienes y\/o servicios en el mercado.<\/li>\n<li>Entidades u organizaciones p\u00fablicas o privadas, sin \u00e1nimo de lucro, o personas jur\u00eddicas que no realicen ninguna actividad econ\u00f3mica por la que ofrezcan bienes y\/o servicios en el mercado.<\/li>\n<li>Las personas f\u00edsicas que realicen alguna actividad econ\u00f3mica, por la que por la que ofrezcan bienes y\/o servicios en el mercado (aut\u00f3nomos).<\/li>\n<li>Las comunidades de propietarios.<\/li>\n<li>Las entidades locales y el sector p\u00fablico institucional de cualquier administraci\u00f3n p\u00fablica. En estos casos, s\u00f3lo podr\u00e1n recibir ayudas destinadas a la realizaci\u00f3n de instalaciones de generaci\u00f3n de energ\u00eda t\u00e9rmica con fuentes renovables en viviendas que sean de propiedad p\u00fablica. Esta propiedad p\u00fablica deber\u00e1 mantenerse inalterada durante al menos cinco a\u00f1os desde la resoluci\u00f3n de concesi\u00f3n de ayuda correspondiente.<\/li>\n<\/ul>\n<h3><strong><u><br \/>\n<\/u><\/strong><u>\u00bfQui\u00e9n debe presentar la solicitud de subvenci\u00f3n?<\/u><\/h3>\n<p>La solicitud debe ser presentada por el destinatario \u00faltimo de la instalaci\u00f3n. Es decir, la persona o entidad que ser\u00e1 la propietaria de la instalaci\u00f3n, que pueda acreditar el pago de las facturas asociadas a la actuaci\u00f3n subvencionada, que debe permanecer en su propiedad al menos 5 a\u00f1os.<\/p>\n<h3><strong><u><br \/>\n<\/u><\/strong><u>Importe de la subvenci\u00f3n<\/u><\/h3>\n<p>La intensidad de las ayudas variar\u00e1 en funci\u00f3n del beneficiario y del tipo de instalaci\u00f3n.<\/p>\n<p>Para los particulares y administraciones p\u00fablicas se asignar\u00e1 una subvenci\u00f3n con un porcentaje fijo, y para las empresas se asignar\u00e1 un porcentaje sobre el volumen de inversi\u00f3n inicial para las empresas (hasta un m\u00e1ximo).<\/p>\n<p>Las ayudas a fondo perdido ser\u00e1n en funci\u00f3n de si es una PYME o una gran empresa:<\/p>\n<ul>\n<li><strong>Energ\u00eda solar fotovoltaica sin almacenamiento:<\/strong>\n<ul>\n<li>Empresas: entre el 15-45%<\/li>\n<li>Particulares: 40%, que ascender\u00eda a un 50% a los sistemas de autoconsumo colectivo.<\/li>\n<li>Administraciones p\u00fablicas: 70%<\/li>\n<\/ul>\n<\/li>\n<\/ul>\n<ul>\n<li><strong>Energ\u00eda solar fotovoltaica con almacenamiento:<\/strong>\n<ul>\n<li>Empresas: entre el 45-65%, seg\u00fan el tama\u00f1o de la organizaci\u00f3n<\/li>\n<li>Particulares: 70%<\/li>\n<li>Administraciones p\u00fablicas: 70%<\/li>\n<li>Entidades del tercer sector: 70%<\/li>\n<li>E\u00f3lica: entre el 20-50%<\/li>\n<\/ul>\n<\/li>\n<\/ul>\n<ul>\n<li><strong>Climatizaci\u00f3n con energ\u00edas renovables: depender\u00e1 de la tecnolog\u00eda aplicada (biomasa o geotermia):<\/strong>\n<ul>\n<li>Empresas: del 40% al 70%<\/li>\n<li>Administraciones p\u00fablicas: 70%<\/li>\n<li>Propietarios edificios residenciales: 70%<\/li>\n<\/ul>\n<\/li>\n<\/ul>\n<h3><u><br \/>\nAyudas adicionales<\/u><\/h3>\n<ul>\n<li>Eliminaci\u00f3n de amianto en cubiertas<\/li>\n<li>Instalaci\u00f3n en marquesinas<\/li>\n<li>Por reto demogr\u00e1fico: los municipios de hasta 5.000 habitantes tendr\u00e1n un incremento del 5%.<\/li>\n<\/ul>\n<h3><strong><u><br \/>\n<\/u><\/strong><u>Caracter\u00edsticas<\/u><\/h3>\n<p><strong>R\u00e9gimen de concesi\u00f3n<\/strong><\/p>\n<p>Reglado, por orden entrada de la solicitud.<\/p>\n<p><strong>Plazo de justificaci\u00f3n<\/strong><\/p>\n<p>18 meses desde la notificaci\u00f3n de la resoluci\u00f3n.<\/p>\n<p><strong>Inicio de la actuaci\u00f3n<\/strong><\/p>\n<ul>\n<li>Despu\u00e9s de la solicitud: Programas 1, 2 y 3.<\/li>\n<li>Tras la publicaci\u00f3n del RD (01-07-2021): Programas 4 y 5.<\/li>\n<\/ul>\n<p><strong>Plazo presentaci\u00f3n de solicitudes<\/strong><\/p>\n<ul>\n<li>Inicio: 15\/12\/2021<\/li>\n<li>Finalizaci\u00f3n: 31\/12\/2023<\/li>\n<\/ul>\n","protected":false},"excerpt":{"rendered":"<p>El Ministerio por la Transici\u00f3n Ecol\u00f3gica y el Reto Demogr\u00e1fico ha aprobado una concesi\u00f3n directa a las Comunidades Aut\u00f3nomas de ayudas para la ejecuci\u00f3n de varios programas de incentivos ligados al autoconsumo y al almacenamiento, con fuentes de energ\u00eda renovable, as\u00ed como la implementaci\u00f3n de sistemas t\u00e9rmicos renovables en el sector residencial. Y, de este modo, poder avanzar hacia la descarbonizaci\u00f3n del sector servicios, otros sectores productivos y el sector residencial. Programas de incentivos Programa de incentivos 1: Realizaci\u00f3n de instalaciones de autoconsumo, con fuentes de energ\u00eda renovable, en el sector servicios, con o sin almacenamiento. Programa de incentivos 2: Realizaci\u00f3n de instalaciones de autoconsumo, con fuentes de energ\u00eda renovable, [&hellip;]<\/p>\n","protected":false},"author":1,"featured_media":0,"parent":3137,"menu_order":0,"comment_status":"closed","ping_status":"closed","template":"","meta":{"_acf_changed":false,"footnotes":""},"class_list":["post-3163","page","type-page","status-publish","hentry"],"acf":[],"yoast_head":"<!-- This site is optimized with the Yoast SEO plugin v26.0 - https:\/\/yoast.com\/wordpress\/plugins\/seo\/ -->\n<title>Tramitaci\u00f3n de ayudas al autoconsumo - Bellavista Enginyeria<\/title>\n<meta name=\"robots\" content=\"index, follow, max-snippet:-1, max-image-preview:large, max-video-preview:-1\" \/>\n<link rel=\"canonical\" href=\"https:\/\/bellavistaenginyeria.com\/es\/productos\/instalaciones-solares-fotovoltaicas\/tramitacion-de-ayudas-al-autoconsumo\/\" \/>\n<meta property=\"og:locale\" content=\"es_ES\" \/>\n<meta property=\"og:type\" content=\"article\" \/>\n<meta property=\"og:title\" content=\"Tramitaci\u00f3n de ayudas al autoconsumo - Bellavista Enginyeria\" \/>\n<meta property=\"og:description\" content=\"El Ministerio por la Transici\u00f3n Ecol\u00f3gica y el Reto Demogr\u00e1fico ha aprobado una concesi\u00f3n directa a las Comunidades Aut\u00f3nomas de ayudas para la ejecuci\u00f3n de varios programas de incentivos ligados al autoconsumo y al almacenamiento, con fuentes de energ\u00eda renovable, as\u00ed como la implementaci\u00f3n de sistemas t\u00e9rmicos renovables en el sector residencial. Y, de este modo, poder avanzar hacia la descarbonizaci\u00f3n del sector servicios, otros sectores productivos y el sector residencial. Programas de incentivos Programa de incentivos 1: Realizaci\u00f3n de instalaciones de autoconsumo, con fuentes de energ\u00eda renovable, en el sector servicios, con o sin almacenamiento. Programa de incentivos 2: Realizaci\u00f3n de instalaciones de autoconsumo, con fuentes de energ\u00eda renovable, [&hellip;]\" \/>\n<meta property=\"og:url\" content=\"https:\/\/bellavistaenginyeria.com\/es\/productos\/instalaciones-solares-fotovoltaicas\/tramitacion-de-ayudas-al-autoconsumo\/\" \/>\n<meta property=\"og:site_name\" content=\"Bellavista Enginyeria\" \/>\n<meta property=\"article:modified_time\" content=\"2022-01-17T09:52:21+00:00\" \/>\n<meta name=\"twitter:card\" content=\"summary_large_image\" \/>\n<meta name=\"twitter:label1\" content=\"Tiempo de lectura\" \/>\n\t<meta name=\"twitter:data1\" content=\"5 minutos\" \/>\n<script type=\"application\/ld+json\" class=\"yoast-schema-graph\">{\"@context\":\"https:\/\/schema.org\",\"@graph\":[{\"@type\":\"WebPage\",\"@id\":\"https:\/\/bellavistaenginyeria.com\/es\/productos\/instalaciones-solares-fotovoltaicas\/tramitacion-de-ayudas-al-autoconsumo\/\",\"url\":\"https:\/\/bellavistaenginyeria.com\/es\/productos\/instalaciones-solares-fotovoltaicas\/tramitacion-de-ayudas-al-autoconsumo\/\",\"name\":\"Tramitaci\u00f3n de ayudas al autoconsumo - Bellavista Enginyeria\",\"isPartOf\":{\"@id\":\"https:\/\/bellavistaenginyeria.com\/#website\"},\"datePublished\":\"2022-01-17T09:27:01+00:00\",\"dateModified\":\"2022-01-17T09:52:21+00:00\",\"breadcrumb\":{\"@id\":\"https:\/\/bellavistaenginyeria.com\/es\/productos\/instalaciones-solares-fotovoltaicas\/tramitacion-de-ayudas-al-autoconsumo\/#breadcrumb\"},\"inLanguage\":\"es\",\"potentialAction\":[{\"@type\":\"ReadAction\",\"target\":[\"https:\/\/bellavistaenginyeria.com\/es\/productos\/instalaciones-solares-fotovoltaicas\/tramitacion-de-ayudas-al-autoconsumo\/\"]}]},{\"@type\":\"BreadcrumbList\",\"@id\":\"https:\/\/bellavistaenginyeria.com\/es\/productos\/instalaciones-solares-fotovoltaicas\/tramitacion-de-ayudas-al-autoconsumo\/#breadcrumb\",\"itemListElement\":[{\"@type\":\"ListItem\",\"position\":1,\"name\":\"Portada\",\"item\":\"https:\/\/bellavistaenginyeria.com\/es\/\"},{\"@type\":\"ListItem\",\"position\":2,\"name\":\"Productos\",\"item\":\"https:\/\/bellavistaenginyeria.com\/es\/productos\/\"},{\"@type\":\"ListItem\",\"position\":3,\"name\":\"Instalaciones solares fotovoltaicas\",\"item\":\"https:\/\/bellavistaenginyeria.com\/es\/productos\/instalaciones-solares-fotovoltaicas\/\"},{\"@type\":\"ListItem\",\"position\":4,\"name\":\"Tramitaci\u00f3n de ayudas al autoconsumo\"}]},{\"@type\":\"WebSite\",\"@id\":\"https:\/\/bellavistaenginyeria.com\/#website\",\"url\":\"https:\/\/bellavistaenginyeria.com\/\",\"name\":\"Bellavista Enginyeria\",\"description\":\"Enginyeria Granollers Barcelona\",\"potentialAction\":[{\"@type\":\"SearchAction\",\"target\":{\"@type\":\"EntryPoint\",\"urlTemplate\":\"https:\/\/bellavistaenginyeria.com\/?s={search_term_string}\"},\"query-input\":{\"@type\":\"PropertyValueSpecification\",\"valueRequired\":true,\"valueName\":\"search_term_string\"}}],\"inLanguage\":\"es\"}]}<\/script>\n<!-- \/ Yoast SEO plugin. -->","yoast_head_json":{"title":"Tramitaci\u00f3n de ayudas al autoconsumo - Bellavista Enginyeria","robots":{"index":"index","follow":"follow","max-snippet":"max-snippet:-1","max-image-preview":"max-image-preview:large","max-video-preview":"max-video-preview:-1"},"canonical":"https:\/\/bellavistaenginyeria.com\/es\/productos\/instalaciones-solares-fotovoltaicas\/tramitacion-de-ayudas-al-autoconsumo\/","og_locale":"es_ES","og_type":"article","og_title":"Tramitaci\u00f3n de ayudas al autoconsumo - Bellavista Enginyeria","og_description":"El Ministerio por la Transici\u00f3n Ecol\u00f3gica y el Reto Demogr\u00e1fico ha aprobado una concesi\u00f3n directa a las Comunidades Aut\u00f3nomas de ayudas para la ejecuci\u00f3n de varios programas de incentivos ligados al autoconsumo y al almacenamiento, con fuentes de energ\u00eda renovable, as\u00ed como la implementaci\u00f3n de sistemas t\u00e9rmicos renovables en el sector residencial. Y, de este modo, poder avanzar hacia la descarbonizaci\u00f3n del sector servicios, otros sectores productivos y el sector residencial. Programas de incentivos Programa de incentivos 1: Realizaci\u00f3n de instalaciones de autoconsumo, con fuentes de energ\u00eda renovable, en el sector servicios, con o sin almacenamiento. Programa de incentivos 2: Realizaci\u00f3n de instalaciones de autoconsumo, con fuentes de energ\u00eda renovable, [&hellip;]","og_url":"https:\/\/bellavistaenginyeria.com\/es\/productos\/instalaciones-solares-fotovoltaicas\/tramitacion-de-ayudas-al-autoconsumo\/","og_site_name":"Bellavista Enginyeria","article_modified_time":"2022-01-17T09:52:21+00:00","twitter_card":"summary_large_image","twitter_misc":{"Tiempo de lectura":"5 minutos"},"schema":{"@context":"https:\/\/schema.org","@graph":[{"@type":"WebPage","@id":"https:\/\/bellavistaenginyeria.com\/es\/productos\/instalaciones-solares-fotovoltaicas\/tramitacion-de-ayudas-al-autoconsumo\/","url":"https:\/\/bellavistaenginyeria.com\/es\/productos\/instalaciones-solares-fotovoltaicas\/tramitacion-de-ayudas-al-autoconsumo\/","name":"Tramitaci\u00f3n de ayudas al autoconsumo - Bellavista Enginyeria","isPartOf":{"@id":"https:\/\/bellavistaenginyeria.com\/#website"},"datePublished":"2022-01-17T09:27:01+00:00","dateModified":"2022-01-17T09:52:21+00:00","breadcrumb":{"@id":"https:\/\/bellavistaenginyeria.com\/es\/productos\/instalaciones-solares-fotovoltaicas\/tramitacion-de-ayudas-al-autoconsumo\/#breadcrumb"},"inLanguage":"es","potentialAction":[{"@type":"ReadAction","target":["https:\/\/bellavistaenginyeria.com\/es\/productos\/instalaciones-solares-fotovoltaicas\/tramitacion-de-ayudas-al-autoconsumo\/"]}]},{"@type":"BreadcrumbList","@id":"https:\/\/bellavistaenginyeria.com\/es\/productos\/instalaciones-solares-fotovoltaicas\/tramitacion-de-ayudas-al-autoconsumo\/#breadcrumb","itemListElement":[{"@type":"ListItem","position":1,"name":"Portada","item":"https:\/\/bellavistaenginyeria.com\/es\/"},{"@type":"ListItem","position":2,"name":"Productos","item":"https:\/\/bellavistaenginyeria.com\/es\/productos\/"},{"@type":"ListItem","position":3,"name":"Instalaciones solares fotovoltaicas","item":"https:\/\/bellavistaenginyeria.com\/es\/productos\/instalaciones-solares-fotovoltaicas\/"},{"@type":"ListItem","position":4,"name":"Tramitaci\u00f3n de ayudas al autoconsumo"}]},{"@type":"WebSite","@id":"https:\/\/bellavistaenginyeria.com\/#website","url":"https:\/\/bellavistaenginyeria.com\/","name":"Bellavista Enginyeria","description":"Enginyeria Granollers Barcelona","potentialAction":[{"@type":"SearchAction","target":{"@type":"EntryPoint","urlTemplate":"https:\/\/bellavistaenginyeria.com\/?s={search_term_string}"},"query-input":{"@type":"PropertyValueSpecification","valueRequired":true,"valueName":"search_term_string"}}],"inLanguage":"es"}]}},"_links":{"self":[{"href":"https:\/\/bellavistaenginyeria.com\/es\/wp-json\/wp\/v2\/pages\/3163","targetHints":{"allow":["GET"]}}],"collection":[{"href":"https:\/\/bellavistaenginyeria.com\/es\/wp-json\/wp\/v2\/pages"}],"about":[{"href":"https:\/\/bellavistaenginyeria.com\/es\/wp-json\/wp\/v2\/types\/page"}],"author":[{"embeddable":true,"href":"https:\/\/bellavistaenginyeria.com\/es\/wp-json\/wp\/v2\/users\/1"}],"replies":[{"embeddable":true,"href":"https:\/\/bellavistaenginyeria.com\/es\/wp-json\/wp\/v2\/comments?post=3163"}],"version-history":[{"count":5,"href":"https:\/\/bellavistaenginyeria.com\/es\/wp-json\/wp\/v2\/pages\/3163\/revisions"}],"predecessor-version":[{"id":3169,"href":"https:\/\/bellavistaenginyeria.com\/es\/wp-json\/wp\/v2\/pages\/3163\/revisions\/3169"}],"up":[{"embeddable":true,"href":"https:\/\/bellavistaenginyeria.com\/es\/wp-json\/wp\/v2\/pages\/3137"}],"wp:attachment":[{"href":"https:\/\/bellavistaenginyeria.com\/es\/wp-json\/wp\/v2\/media?parent=3163"}],"curies":[{"name":"wp","href":"https:\/\/api.w.org\/{rel}","templated":true}]}}